{"id":348,"date":"2018-05-25T06:42:57","date_gmt":"2018-05-25T06:42:57","guid":{"rendered":"https:\/\/jatman.ee\/epood\/?page_id=348"},"modified":"2021-05-07T06:21:35","modified_gmt":"2021-05-07T06:21:35","slug":"veebilehe-privaatsuspoliitika","status":"publish","type":"page","link":"https:\/\/jatman.ee\/epood\/veebilehe-privaatsuspoliitika\/","title":{"rendered":"Veebilehe privaatsuspoliitika"},"content":{"rendered":"<div class=\"boho_page_header\">\n<div class=\"entry-header\">\n<h1 class=\"entry-title\">Veebilehe privaatsuspoliitika<\/h1>\n<\/div>\n<\/div>\n<div class=\"entry-content\">\n<p><strong>Privaatsuspoliitika ja andmete t\u00f6\u00f6tlemine<\/strong><\/p>\n<p>K\u00e4esolev dokument annab \u00fclevaate J\u00e4tmani poolt veebilehe k\u00fclastajate andmete t\u00f6\u00f6tlemise p\u00f5him\u00f5tete kohta.<\/p>\n<p><strong>Mis on isikuandmed ja milliseid andmeid veebilehel t\u00f6\u00f6deldakse?&nbsp;<\/strong><\/p>\n<p>Isikuandmed on \u00fcksk\u00f5ik millised andmed, mis v\u00f5imaldavad f\u00fc\u00fcsilise isiku tuvastamist. \u00dcldjuhul veebileht ei kogu ega t\u00f6\u00f6tle isiku tuvastamist v\u00f5imaldavaid andmeid. Veebileht t\u00f6\u00f6tleb ainult veebilehe k\u00fclastamisega seotud andmeid, mida ei ole v\u00f5imalik seostada kindla f\u00fc\u00fcsilise isikuga (edaspidi&nbsp;<strong>andmed<\/strong>).<\/p>\n<p><strong>Veebilehel kogutakse j\u00e4rgnevaid andmeid:<\/strong><\/p>\n<ul>\n<li>Veebilehe k\u00fclastamist puudutavad isikustamata tehnilised\/statistilised andmed.<\/li>\n<li>Tehnilised ja statistilised andmed, mida veebileht kogub piirduvad veebilehe k\u00fclastaja poolt kasutatava arvuti v\u00f5i arvutiv\u00f5rgu internetiaadressiga (IP-aadress), arvuti veebilehitseja, tarkvaraversiooni ja operatsioonis\u00fcsteemi t\u00fc\u00fcbi tuvastamisega; samuti k\u00fclastamise aja (kellaaeg, kuup\u00e4ev, aasta) fikseerimisega.<\/li>\n<li>IP-aadresse ei k\u00e4sitleta \u00fcldjuhul isiku tuvastamist v\u00f5imaldava teabena vaid isikustamata statistika tegemist v\u00f5imaldava infona.<\/li>\n<\/ul>\n<p><strong>Millisel eesm\u00e4rgil andmeid kogutakse?<\/strong><\/p>\n<ul>\n<li>Andmeid kogutakse veebilehe k\u00fclastamise, lehel viibimise aja jm statistiliste n\u00e4itajate kohta, et selle p\u00f5hjal veebilehte parendada ja k\u00fclastajatele mugavamaks muuta, samuti selleks, et teha andmete alusel andmete anal\u00fc\u00fcsi ja statistikat.<\/li>\n<li>Veebilehel kogutavaid andmeid kasutatakse anal\u00fc\u00fcsi teenustega seoses, sh kasutatakse veebilehe k\u00fclastajate IP aadresse GoogleAnalytics poolt pakutavate teenuste raames.<\/li>\n<\/ul>\n<p><strong>Millised on andmete s\u00e4ilitamise t\u00e4htajad?<\/strong><\/p>\n<ul>\n<li>Isikustamata tehnilisi ja statistilisi veebilehel kogutud andmeid s\u00e4ilitatakse t\u00e4htajatult.<\/li>\n<\/ul>\n<p><strong>Kellele me kogutud andmeid edastame?<\/strong><\/p>\n<ul>\n<li>J\u00e4tmani poolt hallatava veebilehe kaudu kogutud andmeid edastame GoogleAnalytics teenusepakkujale<\/li>\n<\/ul>\n<p>statistilise info saamiseks;<\/p>\n<ul>\n<li>Andmeid v\u00f5ib edastada ka J\u00e4tmani IT-teenuse osutajatele veebilehe statistika tegemiseks v\u00f5i veebilehel toimunud v\u00e4\u00e4r- v\u00f5i kuritarvituste uurimiseks. Kui sellise viimati nimetatud uurimise tulemusena on vajalik tuvastada konkreetne IP \u2013 aadress ja persoon, kes vastavalt aadressilt on veebilehte k\u00fclastanud, toimub isikuandmete t\u00f6\u00f6tlemine veebilehe haldaja ja vastutava t\u00f6\u00f6tleja (J\u00e4tman) \u00f5igutatud huvi alusel.<\/li>\n<li>Kasutajate tuvastamist v\u00f5imaldavaid IP-aadresse v\u00e4ljastatakse asutustele v\u00f5i isikutele, kellel on selleks otsene seadusest tulenev \u00f5igus (n\u00e4iteks kohus v\u00f5i kohtueelne menetleja), sh Andmekaitse Inspektsioon.<\/li>\n<\/ul>\n<p><strong>Millised on Teie \u00f5igused seoses veebilehel andmete kogumisega?<\/strong><\/p>\n<p>F\u00fc\u00fcsilisel isikul, kellele teadaolevalt on veebilehel t\u00f6\u00f6deldavateks andmeteks ka isikuandmed (konkreetse isikuga seostatavad andmed), on \u00f5igus oma andmetega tutvuda, n\u00f5uda eba\u00f5igete andmete parandamist ja taotleda andmete t\u00f6\u00f6tlemise l\u00f5petamist, p\u00f6\u00f6rdudes vastava taotlusega alltoodud kontaktidel. Isikustamata andmete osas andmete edastajal eelnimetatud \u00f5iguseid ei ole.<\/p>\n<p><strong>Andmete vastutava t\u00f6\u00f6tleja kontaktandmed<\/strong><\/p>\n<p>Veebilehe k\u00fclastajal on \u00f5igus p\u00f6\u00f6rduda andmete vastutava t\u00f6\u00f6tleja, J\u00e4tman, poole tema isikuandmete t\u00f6\u00f6tlemisega seonduvates k\u00fcsimustes telefonil +372 58 193 193 v\u00f5i e-posti aadressil: telli@jatman.ee<\/p>\n<p>Eraisikust kasutajad v\u00f5ivad p\u00f6\u00f6rduda isikuandmete t\u00f6\u00f6tlemisega seonduvate taotluste ja k\u00fcsimustega e-posti aadressil:&nbsp;<u>telli@jatman.ee<\/u><\/p>\n<p><strong>Andmete t\u00f6\u00f6tlemise \u00fcldp\u00f5him\u00f5tted<\/strong><\/p>\n<ul>\n<li>Veebilehel kogutud andmetele on ligip\u00e4\u00e4s ainult veebilehe haldajale ja seda administreerivatele isikutele. Veebilehe haldaja n\u00f5usolekul on ligip\u00e4\u00e4s v\u00f5imalik ka isikutele, kellele andmete edastamine on vastavalt k\u00e4esolevatele tingimusele lubatud.<\/li>\n<\/ul>\n<p><strong>Privaatsuspoliitika muudatused<\/strong><\/p>\n<ul>\n<li>J\u00e4tmani poolt hallatavat veebilehte kasutades eeldame, et olete k\u00e4esolevate p\u00f5him\u00f5tete ja tingimustega tutvunud ning veebilehe kasutamist j\u00e4tkates eeldame, et n\u00f5ustute tingimustega.<\/li>\n<li>Privaatsuspoliitika tingimusi v\u00f5ib igal ajal muuta. Kehtivad tingimused on k\u00e4ttesaadavad veebilehel.<\/li>\n<li>Tingimused on viimati uuendatud 25. mai 2018. a.<\/li>\n<\/ul>\n<\/div>\n","protected":false},"excerpt":{"rendered":"<p>Veebilehe privaatsuspoliitika Privaatsuspoliitika ja andmete t\u00f6\u00f6tlemine K\u00e4esolev dokument annab \u00fclevaate J\u00e4tmani poolt veebilehe k\u00fclastajate andmete t\u00f6\u00f6tlemise p\u00f5him\u00f5tete kohta. Mis on&hellip;<\/p>\n","protected":false},"author":1,"featured_media":0,"parent":0,"menu_order":0,"comment_status":"closed","ping_status":"closed","template":"","meta":{"_exactmetrics_skip_tracking":false,"_exactmetrics_sitenote_active":false,"_exactmetrics_sitenote_note":"","_exactmetrics_sitenote_category":0,"footnotes":""},"class_list":["post-348","page","type-page","status-publish","hentry"],"_links":{"self":[{"href":"https:\/\/jatman.ee\/epood\/wp-json\/wp\/v2\/pages\/348","targetHints":{"allow":["GET"]}}],"collection":[{"href":"https:\/\/jatman.ee\/epood\/wp-json\/wp\/v2\/pages"}],"about":[{"href":"https:\/\/jatman.ee\/epood\/wp-json\/wp\/v2\/types\/page"}],"author":[{"embeddable":true,"href":"https:\/\/jatman.ee\/epood\/wp-json\/wp\/v2\/users\/1"}],"replies":[{"embeddable":true,"href":"https:\/\/jatman.ee\/epood\/wp-json\/wp\/v2\/comments?post=348"}],"version-history":[{"count":3,"href":"https:\/\/jatman.ee\/epood\/wp-json\/wp\/v2\/pages\/348\/revisions"}],"predecessor-version":[{"id":577,"href":"https:\/\/jatman.ee\/epood\/wp-json\/wp\/v2\/pages\/348\/revisions\/577"}],"wp:attachment":[{"href":"https:\/\/jatman.ee\/epood\/wp-json\/wp\/v2\/media?parent=348"}],"curies":[{"name":"wp","href":"https:\/\/api.w.org\/{rel}","templated":true}]}}