{"id":1673,"date":"2023-07-03T18:28:15","date_gmt":"2023-07-03T18:28:15","guid":{"rendered":"https:\/\/jatman.ee\/epood\/?post_type=product&#038;p=1673"},"modified":"2026-04-18T09:35:41","modified_gmt":"2026-04-18T09:35:41","slug":"pehme-jaatise-pulber-sinine-natsukomm-1-5kg","status":"publish","type":"product","link":"https:\/\/jatman.ee\/epood\/sininenatsukomm\/","title":{"rendered":"Sinise n\u00e4tsukommi \ud83c\uddee\ud83c\uddf9"},"content":{"rendered":"","protected":false},"excerpt":{"rendered":"<p><strong>N\u00e4tsukommi maitseline sinist v\u00e4rvi j\u00e4\u00e4tis, kindel hitt laste seas!\u00a0<\/strong><\/p>\n<p>* Gluteenivaba<br \/>\n* Paki kaal 1,5kg<br \/>\n* Valmistatud Itaalias, tootja Rubicone<\/p>\n<p>Doseerimine: 1.5kg + 3,5l vett. Saadud segust valmistab pehme j\u00e4\u00e4tise masin \u223c50 100gr pehmet j\u00e4\u00e4tist!<\/p>\n<p><strong>Koostisained<\/strong>: sahharoos, h\u00fcdrogeenimata taimsed rasvad (kookos, l\u00f5ssipulber, dekstroosipulber, maltodekstriin, emulgaatorid: E472b, E477, stabilisaatorid: E412, sool, v\u00e4rvained: E133. V\u00f5ib sisaldada soja.<br \/>\n<a href=\"https:\/\/jatman.ee\/epood\/wp-content\/uploads\/2023\/07\/N647_Soft_Bubblegum_Blu.jpg\"><img decoding=\"async\" class=\"alignnone size-full wp-image-1674\" src=\"https:\/\/jatman.ee\/epood\/wp-content\/uploads\/2023\/07\/N647_Soft_Bubblegum_Blu.jpg\" alt=\"\" width=\"1000\" height=\"1000\" srcset=\"https:\/\/jatman.ee\/epood\/wp-content\/uploads\/2023\/07\/N647_Soft_Bubblegum_Blu.jpg 1000w, https:\/\/jatman.ee\/epood\/wp-content\/uploads\/2023\/07\/N647_Soft_Bubblegum_Blu-300x300.jpg 300w, https:\/\/jatman.ee\/epood\/wp-content\/uploads\/2023\/07\/N647_Soft_Bubblegum_Blu-150x150.jpg 150w, https:\/\/jatman.ee\/epood\/wp-content\/uploads\/2023\/07\/N647_Soft_Bubblegum_Blu-768x768.jpg 768w, https:\/\/jatman.ee\/epood\/wp-content\/uploads\/2023\/07\/N647_Soft_Bubblegum_Blu-600x600.jpg 600w, https:\/\/jatman.ee\/epood\/wp-content\/uploads\/2023\/07\/N647_Soft_Bubblegum_Blu-100x100.jpg 100w\" sizes=\"(max-width: 1000px) 100vw, 1000px\" \/><\/a><\/p>\n<p><strong>Tootekood<\/strong>: N647<\/p>\n<p><em>Hind sisaldab k\u00e4ibemaksu<\/em><\/p>\n","protected":false},"featured_media":1349,"template":"","meta":{"_exactmetrics_skip_tracking":false,"_exactmetrics_sitenote_active":false,"_exactmetrics_sitenote_note":"","_exactmetrics_sitenote_category":0},"product_cat":[67,74],"product_tag":[68,69],"class_list":{"0":"post-1673","1":"product","2":"type-product","3":"status-publish","4":"has-post-thumbnail","6":"product_cat-pehmejaatis","7":"product_cat-rubicone-2","8":"product_tag-pehme-jaatise-pulber","9":"product_tag-rubicone","11":"first","12":"instock","13":"taxable","14":"shipping-taxable","15":"purchasable","16":"product-type-simple"},"_links":{"self":[{"href":"https:\/\/jatman.ee\/epood\/wp-json\/wp\/v2\/product\/1673","targetHints":{"allow":["GET"]}}],"collection":[{"href":"https:\/\/jatman.ee\/epood\/wp-json\/wp\/v2\/product"}],"about":[{"href":"https:\/\/jatman.ee\/epood\/wp-json\/wp\/v2\/types\/product"}],"wp:featuredmedia":[{"embeddable":true,"href":"https:\/\/jatman.ee\/epood\/wp-json\/wp\/v2\/media\/1349"}],"wp:attachment":[{"href":"https:\/\/jatman.ee\/epood\/wp-json\/wp\/v2\/media?parent=1673"}],"wp:term":[{"taxonomy":"product_cat","embeddable":true,"href":"https:\/\/jatman.ee\/epood\/wp-json\/wp\/v2\/product_cat?post=1673"},{"taxonomy":"product_tag","embeddable":true,"href":"https:\/\/jatman.ee\/epood\/wp-json\/wp\/v2\/product_tag?post=1673"}],"curies":[{"name":"wp","href":"https:\/\/api.w.org\/{rel}","templated":true}]}}