{"id":1676,"date":"2023-07-03T19:17:17","date_gmt":"2023-07-03T19:17:17","guid":{"rendered":"https:\/\/jatman.ee\/epood\/?post_type=product&#038;p=1676"},"modified":"2026-04-18T09:36:02","modified_gmt":"2026-04-18T09:36:02","slug":"roosa-natsukomm-1-5kg","status":"publish","type":"product","link":"https:\/\/jatman.ee\/epood\/roosanatsukomm\/","title":{"rendered":"Roosa n\u00e4tsukommi \ud83c\uddee\ud83c\uddf9"},"content":{"rendered":"","protected":false},"excerpt":{"rendered":"<p><strong>N\u00e4tsukommi maitseline roosat v\u00e4rvi j\u00e4\u00e4tis.<\/strong> Laste lemmik!<\/p>\n<p>* Gluteenivaba<br \/>\n* Paki kaal 1,2kg<br \/>\n* Valmistatud Itaalias, tootja Rubicone<\/p>\n<p><strong>Doseerimine<\/strong>: 1.2kg + 3,5l piima.<\/p>\n<p><strong>Koostis<\/strong>: sahharoos, h\u00fcdrogeenimata taimsed rasvad (kookos, l\u00f5ssipulber, dekstroosipulber, maltodekstriin. Emulgaatorid: E472b, E477. Stabilisaatorid: E412, sool, v\u00e4rvained: punase peedi ekstrakt, l\u00f5hna- ja maitseained, sool. V\u00f5ib sisaldada soja.<br \/>\n<a href=\"https:\/\/jatman.ee\/epood\/wp-content\/uploads\/2023\/07\/F779_Pronto_Bubble_Gum-768x768-1.jpg\"><img decoding=\"async\" class=\"alignnone size-full wp-image-1677\" src=\"https:\/\/jatman.ee\/epood\/wp-content\/uploads\/2023\/07\/F779_Pronto_Bubble_Gum-768x768-1.jpg\" alt=\"\" width=\"768\" height=\"768\" srcset=\"https:\/\/jatman.ee\/epood\/wp-content\/uploads\/2023\/07\/F779_Pronto_Bubble_Gum-768x768-1.jpg 768w, https:\/\/jatman.ee\/epood\/wp-content\/uploads\/2023\/07\/F779_Pronto_Bubble_Gum-768x768-1-300x300.jpg 300w, https:\/\/jatman.ee\/epood\/wp-content\/uploads\/2023\/07\/F779_Pronto_Bubble_Gum-768x768-1-150x150.jpg 150w, https:\/\/jatman.ee\/epood\/wp-content\/uploads\/2023\/07\/F779_Pronto_Bubble_Gum-768x768-1-600x600.jpg 600w, https:\/\/jatman.ee\/epood\/wp-content\/uploads\/2023\/07\/F779_Pronto_Bubble_Gum-768x768-1-100x100.jpg 100w\" sizes=\"(max-width: 768px) 100vw, 768px\" \/><\/a><\/p>\n<p><strong>Tootekood<\/strong> F779<\/p>\n<p><em>Hind sisaldab k\u00e4ibemaksu<\/em><\/p>\n<p>&nbsp;<\/p>\n","protected":false},"featured_media":1348,"template":"","meta":{"_exactmetrics_skip_tracking":false,"_exactmetrics_sitenote_active":false,"_exactmetrics_sitenote_note":"","_exactmetrics_sitenote_category":0},"product_cat":[67,74],"product_tag":[68,69],"class_list":{"0":"post-1676","1":"product","2":"type-product","3":"status-publish","4":"has-post-thumbnail","6":"product_cat-pehmejaatis","7":"product_cat-rubicone-2","8":"product_tag-pehme-jaatise-pulber","9":"product_tag-rubicone","11":"first","12":"outofstock","13":"taxable","14":"shipping-taxable","15":"purchasable","16":"product-type-simple"},"_links":{"self":[{"href":"https:\/\/jatman.ee\/epood\/wp-json\/wp\/v2\/product\/1676","targetHints":{"allow":["GET"]}}],"collection":[{"href":"https:\/\/jatman.ee\/epood\/wp-json\/wp\/v2\/product"}],"about":[{"href":"https:\/\/jatman.ee\/epood\/wp-json\/wp\/v2\/types\/product"}],"wp:featuredmedia":[{"embeddable":true,"href":"https:\/\/jatman.ee\/epood\/wp-json\/wp\/v2\/media\/1348"}],"wp:attachment":[{"href":"https:\/\/jatman.ee\/epood\/wp-json\/wp\/v2\/media?parent=1676"}],"wp:term":[{"taxonomy":"product_cat","embeddable":true,"href":"https:\/\/jatman.ee\/epood\/wp-json\/wp\/v2\/product_cat?post=1676"},{"taxonomy":"product_tag","embeddable":true,"href":"https:\/\/jatman.ee\/epood\/wp-json\/wp\/v2\/product_tag?post=1676"}],"curies":[{"name":"wp","href":"https:\/\/api.w.org\/{rel}","templated":true}]}}