{"id":1687,"date":"2023-07-04T08:03:20","date_gmt":"2023-07-04T08:03:20","guid":{"rendered":"https:\/\/jatman.ee\/epood\/?post_type=product&#038;p=1687"},"modified":"2026-04-18T09:31:39","modified_gmt":"2026-04-18T09:31:39","slug":"rummisokolaadi","status":"publish","type":"product","link":"https:\/\/jatman.ee\/epood\/rummisokolaadi\/","title":{"rendered":"Rummi-\u0161okolaadi, alkoholivaba \ud83c\uddee\ud83c\uddf9"},"content":{"rendered":"","protected":false},"excerpt":{"rendered":"<p><strong>Alkoholivaba m\u00f5nusalt tummine \u0161okolaadi-rummij\u00e4\u00e4tis. Sobib ka veganitele!<\/strong><\/p>\n<p>* Gluteenivaba<br \/>\n* Laktoosivaba<br \/>\n* Paki kaal 1,9kg<br \/>\n* Valmistatud Itaalias, tootja Rubicone<\/p>\n<p><strong>Doseerimine<\/strong>: Paki sisule lisa 2,5l vett.<\/p>\n<p><strong>Koostis<\/strong>: sahharoos, kakao, tume \u0161okolaad (kakaomass, suhkur, kakaov\u00f5i, emulgaatorid (sojaletsitiin, vaniljeekstrakt) dekstroos, kakaomass, l\u00f5hna- ja maitseained, emulgaatorid: E472b, E477, stabilisaatorid: E412, E466, sool. V\u00f5ib sisaldada j\u00e4lgi kooritud p\u00e4hklitest, piimast<br \/>\n<strong><a href=\"https:\/\/jatman.ee\/epood\/wp-content\/uploads\/2023\/07\/N694_Ready_Rum_Chocolate-768x768-1.jpg\"><img decoding=\"async\" class=\"alignnone size-full wp-image-1688\" src=\"https:\/\/jatman.ee\/epood\/wp-content\/uploads\/2023\/07\/N694_Ready_Rum_Chocolate-768x768-1.jpg\" alt=\"\" width=\"768\" height=\"768\" srcset=\"https:\/\/jatman.ee\/epood\/wp-content\/uploads\/2023\/07\/N694_Ready_Rum_Chocolate-768x768-1.jpg 768w, https:\/\/jatman.ee\/epood\/wp-content\/uploads\/2023\/07\/N694_Ready_Rum_Chocolate-768x768-1-300x300.jpg 300w, https:\/\/jatman.ee\/epood\/wp-content\/uploads\/2023\/07\/N694_Ready_Rum_Chocolate-768x768-1-150x150.jpg 150w, https:\/\/jatman.ee\/epood\/wp-content\/uploads\/2023\/07\/N694_Ready_Rum_Chocolate-768x768-1-600x600.jpg 600w, https:\/\/jatman.ee\/epood\/wp-content\/uploads\/2023\/07\/N694_Ready_Rum_Chocolate-768x768-1-100x100.jpg 100w\" sizes=\"(max-width: 768px) 100vw, 768px\" \/><\/a><\/strong><\/p>\n<p><strong>Tootekood<\/strong> N694<\/p>\n<p><em>Hind sisaldab k\u00e4ibemaksu<\/em><\/p>\n","protected":false},"featured_media":1357,"template":"","meta":{"_exactmetrics_skip_tracking":false,"_exactmetrics_sitenote_active":false,"_exactmetrics_sitenote_note":"","_exactmetrics_sitenote_category":0},"product_cat":[67,74],"product_tag":[68,69,70],"class_list":{"0":"post-1687","1":"product","2":"type-product","3":"status-publish","4":"has-post-thumbnail","6":"product_cat-pehmejaatis","7":"product_cat-rubicone-2","8":"product_tag-pehme-jaatise-pulber","9":"product_tag-rubicone","10":"product_tag-vegan","12":"first","13":"instock","14":"taxable","15":"shipping-taxable","16":"purchasable","17":"product-type-simple"},"_links":{"self":[{"href":"https:\/\/jatman.ee\/epood\/wp-json\/wp\/v2\/product\/1687","targetHints":{"allow":["GET"]}}],"collection":[{"href":"https:\/\/jatman.ee\/epood\/wp-json\/wp\/v2\/product"}],"about":[{"href":"https:\/\/jatman.ee\/epood\/wp-json\/wp\/v2\/types\/product"}],"wp:featuredmedia":[{"embeddable":true,"href":"https:\/\/jatman.ee\/epood\/wp-json\/wp\/v2\/media\/1357"}],"wp:attachment":[{"href":"https:\/\/jatman.ee\/epood\/wp-json\/wp\/v2\/media?parent=1687"}],"wp:term":[{"taxonomy":"product_cat","embeddable":true,"href":"https:\/\/jatman.ee\/epood\/wp-json\/wp\/v2\/product_cat?post=1687"},{"taxonomy":"product_tag","embeddable":true,"href":"https:\/\/jatman.ee\/epood\/wp-json\/wp\/v2\/product_tag?post=1687"}],"curies":[{"name":"wp","href":"https:\/\/api.w.org\/{rel}","templated":true}]}}