{"id":1726,"date":"2023-07-04T10:28:07","date_gmt":"2023-07-04T10:28:07","guid":{"rendered":"https:\/\/jatman.ee\/epood\/?post_type=product&#038;p=1726"},"modified":"2026-04-18T09:38:15","modified_gmt":"2026-04-18T09:38:15","slug":"sokolaadiv","status":"publish","type":"product","link":"https:\/\/jatman.ee\/epood\/sokolaadiveega\/","title":{"rendered":"\u0160okolaadi \ud83c\uddee\ud83c\uddf9"},"content":{"rendered":"","protected":false},"excerpt":{"rendered":"<p><strong>Klassikalise \u0161okolaadi pehme j\u00e4\u00e4tise pulber, valmistamiseks veega.<\/strong><\/p>\n<p>* Gluteenivaba<br \/>\n* Paki kaal 1,5kg<br \/>\n* Valmistatud Itaalias, tootja Rubicone<\/p>\n<p><strong>Doseerimine<\/strong>: Paki sisule lisada 3.5l vett. Saadud segust valmib \u223c50* 100gr pehmet j\u00e4\u00e4tist!<\/p>\n<p><strong>Koostis<\/strong>: sahharoos, kakaopulber, l\u00f5ssipulber, h\u00fcdrogeenimata taimerasvad (kookos), gl\u00fckoos, emulgaatorid: E4726, E477, stabilisaatorid: E401, E412, E466, maitseained, sool. V\u00f5ib sisaldada p\u00e4hkleid, soja.<\/p>\n<p><a href=\"https:\/\/jatman.ee\/epood\/wp-content\/uploads\/2023\/07\/N704_Soft_Chocolate-768x768-1.jpg\"><img decoding=\"async\" class=\"alignnone size-full wp-image-1727\" src=\"https:\/\/jatman.ee\/epood\/wp-content\/uploads\/2023\/07\/N704_Soft_Chocolate-768x768-1.jpg\" alt=\"\" width=\"768\" height=\"768\" srcset=\"https:\/\/jatman.ee\/epood\/wp-content\/uploads\/2023\/07\/N704_Soft_Chocolate-768x768-1.jpg 768w, https:\/\/jatman.ee\/epood\/wp-content\/uploads\/2023\/07\/N704_Soft_Chocolate-768x768-1-300x300.jpg 300w, https:\/\/jatman.ee\/epood\/wp-content\/uploads\/2023\/07\/N704_Soft_Chocolate-768x768-1-150x150.jpg 150w, https:\/\/jatman.ee\/epood\/wp-content\/uploads\/2023\/07\/N704_Soft_Chocolate-768x768-1-600x600.jpg 600w, https:\/\/jatman.ee\/epood\/wp-content\/uploads\/2023\/07\/N704_Soft_Chocolate-768x768-1-100x100.jpg 100w\" sizes=\"(max-width: 768px) 100vw, 768px\" \/><\/a><\/p>\n<p><strong>Tootekood<\/strong> <span data-sheets-value=\"{&quot;1&quot;:2,&quot;2&quot;:&quot;N704&quot;}\" data-sheets-userformat=\"{&quot;2&quot;:577,&quot;3&quot;:{&quot;1&quot;:0},&quot;9&quot;:1,&quot;12&quot;:0}\">N704<br \/>\n<em>Hind sisaldab k\u00e4ibemaksu.<\/em><br \/>\n<\/span><\/p>\n","protected":false},"featured_media":1722,"template":"","meta":{"_exactmetrics_skip_tracking":false,"_exactmetrics_sitenote_active":false,"_exactmetrics_sitenote_note":"","_exactmetrics_sitenote_category":0},"product_cat":[67,74],"product_tag":[68,69],"class_list":{"0":"post-1726","1":"product","2":"type-product","3":"status-publish","4":"has-post-thumbnail","6":"product_cat-pehmejaatis","7":"product_cat-rubicone-2","8":"product_tag-pehme-jaatise-pulber","9":"product_tag-rubicone","11":"first","12":"instock","13":"taxable","14":"shipping-taxable","15":"purchasable","16":"product-type-simple"},"_links":{"self":[{"href":"https:\/\/jatman.ee\/epood\/wp-json\/wp\/v2\/product\/1726","targetHints":{"allow":["GET"]}}],"collection":[{"href":"https:\/\/jatman.ee\/epood\/wp-json\/wp\/v2\/product"}],"about":[{"href":"https:\/\/jatman.ee\/epood\/wp-json\/wp\/v2\/types\/product"}],"wp:featuredmedia":[{"embeddable":true,"href":"https:\/\/jatman.ee\/epood\/wp-json\/wp\/v2\/media\/1722"}],"wp:attachment":[{"href":"https:\/\/jatman.ee\/epood\/wp-json\/wp\/v2\/media?parent=1726"}],"wp:term":[{"taxonomy":"product_cat","embeddable":true,"href":"https:\/\/jatman.ee\/epood\/wp-json\/wp\/v2\/product_cat?post=1726"},{"taxonomy":"product_tag","embeddable":true,"href":"https:\/\/jatman.ee\/epood\/wp-json\/wp\/v2\/product_tag?post=1726"}],"curies":[{"name":"wp","href":"https:\/\/api.w.org\/{rel}","templated":true}]}}