{"id":1756,"date":"2023-07-11T09:06:57","date_gmt":"2023-07-11T09:06:57","guid":{"rendered":"https:\/\/jatman.ee\/epood\/?post_type=product&#038;p=1756"},"modified":"2026-03-25T21:56:18","modified_gmt":"2026-03-25T21:56:18","slug":"mangoslush","status":"publish","type":"product","link":"https:\/\/jatman.ee\/epood\/mangoslush\/","title":{"rendered":"Mango j\u00e4\u00e4jook \ud83c\uddee\ud83c\uddf9"},"content":{"rendered":"","protected":false},"excerpt":{"rendered":"<p><strong>Mango maitseline j\u00e4\u00e4joogi segu kasutamiseks j\u00e4\u00e4joogimasinas.<\/strong><\/p>\n<p>* Gluteenivaba<br \/>\n* Laktoosivaba<br \/>\n* Vegan<br \/>\n* Paki kaal 1 kg<br \/>\n* Valmistatud Itaalias, tootja Rubicone<\/p>\n<p><strong>Doseerimine<\/strong>: Paki sisule lisada 4\/5l vett.<\/p>\n<p><strong>Koostis: <\/strong>Suhkur (sahharoos, dekstroos, fruktoos), maltodekstriin, taimne kiudaine (inuliin), happesuse regulaator: sidrunhape<\/p>\n<p>L\u00f5hna- ja maitseained: toiduv\u00e4rvid: E100 (kurkumiin), E160a (beetakaroteen), sool<\/p>\n<p>V\u00f5ib sisaldada j\u00e4lgi: piimast ja sojast.<br \/>\n<a href=\"https:\/\/jatman.ee\/epood\/wp-content\/uploads\/2023\/07\/F979_Granita_Mango.jpg\"><img decoding=\"async\" class=\"alignnone size-full wp-image-1757\" src=\"https:\/\/jatman.ee\/epood\/wp-content\/uploads\/2023\/07\/F979_Granita_Mango.jpg\" alt=\"\" width=\"1000\" height=\"1000\" srcset=\"https:\/\/jatman.ee\/epood\/wp-content\/uploads\/2023\/07\/F979_Granita_Mango.jpg 1000w, https:\/\/jatman.ee\/epood\/wp-content\/uploads\/2023\/07\/F979_Granita_Mango-300x300.jpg 300w, https:\/\/jatman.ee\/epood\/wp-content\/uploads\/2023\/07\/F979_Granita_Mango-150x150.jpg 150w, https:\/\/jatman.ee\/epood\/wp-content\/uploads\/2023\/07\/F979_Granita_Mango-768x768.jpg 768w, https:\/\/jatman.ee\/epood\/wp-content\/uploads\/2023\/07\/F979_Granita_Mango-600x600.jpg 600w, https:\/\/jatman.ee\/epood\/wp-content\/uploads\/2023\/07\/F979_Granita_Mango-100x100.jpg 100w\" sizes=\"(max-width: 1000px) 100vw, 1000px\" \/><\/a><strong><br \/>\n<\/strong><\/p>\n<p><strong>Tootekood<\/strong> F979<\/p>\n","protected":false},"featured_media":1758,"template":"","meta":{"_exactmetrics_skip_tracking":false,"_exactmetrics_sitenote_active":false,"_exactmetrics_sitenote_note":"","_exactmetrics_sitenote_category":0},"product_cat":[76,74],"product_tag":[68,69,71],"class_list":{"0":"post-1756","1":"product","2":"type-product","3":"status-publish","4":"has-post-thumbnail","6":"product_cat-slush","7":"product_cat-rubicone-2","8":"product_tag-pehme-jaatise-pulber","9":"product_tag-rubicone","10":"product_tag-sorbett","12":"first","13":"instock","14":"taxable","15":"shipping-taxable","16":"purchasable","17":"product-type-simple"},"_links":{"self":[{"href":"https:\/\/jatman.ee\/epood\/wp-json\/wp\/v2\/product\/1756","targetHints":{"allow":["GET"]}}],"collection":[{"href":"https:\/\/jatman.ee\/epood\/wp-json\/wp\/v2\/product"}],"about":[{"href":"https:\/\/jatman.ee\/epood\/wp-json\/wp\/v2\/types\/product"}],"wp:featuredmedia":[{"embeddable":true,"href":"https:\/\/jatman.ee\/epood\/wp-json\/wp\/v2\/media\/1758"}],"wp:attachment":[{"href":"https:\/\/jatman.ee\/epood\/wp-json\/wp\/v2\/media?parent=1756"}],"wp:term":[{"taxonomy":"product_cat","embeddable":true,"href":"https:\/\/jatman.ee\/epood\/wp-json\/wp\/v2\/product_cat?post=1756"},{"taxonomy":"product_tag","embeddable":true,"href":"https:\/\/jatman.ee\/epood\/wp-json\/wp\/v2\/product_tag?post=1756"}],"curies":[{"name":"wp","href":"https:\/\/api.w.org\/{rel}","templated":true}]}}