{"id":1759,"date":"2023-07-11T14:14:16","date_gmt":"2023-07-11T14:14:16","guid":{"rendered":"https:\/\/jatman.ee\/epood\/?post_type=product&#038;p=1759"},"modified":"2026-03-25T22:03:43","modified_gmt":"2026-03-25T22:03:43","slug":"mustika-jaajook","status":"publish","type":"product","link":"https:\/\/jatman.ee\/epood\/mustikaslush\/","title":{"rendered":"Mustika j\u00e4\u00e4jook \ud83c\uddee\ud83c\uddf9"},"content":{"rendered":"","protected":false},"excerpt":{"rendered":"<p><strong>Mustika maitseline j\u00e4\u00e4joogi segu kasutamiseks j\u00e4\u00e4joogimasinas.<\/strong><\/p>\n<p>* Gluteenivaba<br \/>\n* Laktoosivaba<br \/>\n* Vegan<br \/>\n* Paki kaal 1 kg<br \/>\n* Valmistatud Itaalias<\/p>\n<p><strong>Doseerimine<\/strong>: Paki sisule lisada 4\/5l vett.<\/p>\n<p><strong>Koostis<\/strong>: Sahharoos, dekstroos, maltodekstriin Happesuse regulaator: Sidrunhape<\/p>\n<p>L\u00f5hna- ja maitseained Toiduv\u00e4rvid: E133 (briljantsinine FCF) ja E163 (antots\u00fcaanid\/taimsed v\u00e4rvid), sool<\/p>\n<p>M\u00e4rkus: Toode v\u00f5ib sisaldada piima ja soja j\u00e4\u00e4ke.<br \/>\n<strong><a href=\"https:\/\/jatman.ee\/epood\/wp-content\/uploads\/2023\/07\/bluberry-slush-granita-base-rubicone-1.jpg\"><img decoding=\"async\" class=\"alignnone size-full wp-image-1761\" src=\"https:\/\/jatman.ee\/epood\/wp-content\/uploads\/2023\/07\/bluberry-slush-granita-base-rubicone-1.jpg\" alt=\"\" width=\"700\" height=\"700\" srcset=\"https:\/\/jatman.ee\/epood\/wp-content\/uploads\/2023\/07\/bluberry-slush-granita-base-rubicone-1.jpg 700w, https:\/\/jatman.ee\/epood\/wp-content\/uploads\/2023\/07\/bluberry-slush-granita-base-rubicone-1-300x300.jpg 300w, https:\/\/jatman.ee\/epood\/wp-content\/uploads\/2023\/07\/bluberry-slush-granita-base-rubicone-1-150x150.jpg 150w, https:\/\/jatman.ee\/epood\/wp-content\/uploads\/2023\/07\/bluberry-slush-granita-base-rubicone-1-600x600.jpg 600w, https:\/\/jatman.ee\/epood\/wp-content\/uploads\/2023\/07\/bluberry-slush-granita-base-rubicone-1-100x100.jpg 100w\" sizes=\"(max-width: 700px) 100vw, 700px\" \/><\/a><\/strong><\/p>\n<p><strong>Tootekood<\/strong> <span data-sheets-value=\"{&quot;1&quot;:2,&quot;2&quot;:&quot;F141&quot;}\" data-sheets-userformat=\"{&quot;2&quot;:577,&quot;3&quot;:{&quot;1&quot;:0},&quot;9&quot;:1,&quot;12&quot;:0}\">F141<\/span><\/p>\n","protected":false},"featured_media":1762,"template":"","meta":{"_exactmetrics_skip_tracking":false,"_exactmetrics_sitenote_active":false,"_exactmetrics_sitenote_note":"","_exactmetrics_sitenote_category":0},"product_cat":[76,74],"product_tag":[68,69,71],"class_list":{"0":"post-1759","1":"product","2":"type-product","3":"status-publish","4":"has-post-thumbnail","6":"product_cat-slush","7":"product_cat-rubicone-2","8":"product_tag-pehme-jaatise-pulber","9":"product_tag-rubicone","10":"product_tag-sorbett","12":"first","13":"instock","14":"taxable","15":"shipping-taxable","16":"purchasable","17":"product-type-simple"},"_links":{"self":[{"href":"https:\/\/jatman.ee\/epood\/wp-json\/wp\/v2\/product\/1759","targetHints":{"allow":["GET"]}}],"collection":[{"href":"https:\/\/jatman.ee\/epood\/wp-json\/wp\/v2\/product"}],"about":[{"href":"https:\/\/jatman.ee\/epood\/wp-json\/wp\/v2\/types\/product"}],"wp:featuredmedia":[{"embeddable":true,"href":"https:\/\/jatman.ee\/epood\/wp-json\/wp\/v2\/media\/1762"}],"wp:attachment":[{"href":"https:\/\/jatman.ee\/epood\/wp-json\/wp\/v2\/media?parent=1759"}],"wp:term":[{"taxonomy":"product_cat","embeddable":true,"href":"https:\/\/jatman.ee\/epood\/wp-json\/wp\/v2\/product_cat?post=1759"},{"taxonomy":"product_tag","embeddable":true,"href":"https:\/\/jatman.ee\/epood\/wp-json\/wp\/v2\/product_tag?post=1759"}],"curies":[{"name":"wp","href":"https:\/\/api.w.org\/{rel}","templated":true}]}}