{"id":1778,"date":"2023-07-12T17:19:03","date_gmt":"2023-07-12T17:19:03","guid":{"rendered":"https:\/\/jatman.ee\/epood\/?post_type=product&#038;p=1778"},"modified":"2026-04-18T09:34:51","modified_gmt":"2026-04-18T09:34:51","slug":"vaarika-sorbett","status":"publish","type":"product","link":"https:\/\/jatman.ee\/epood\/vaarikasorbett\/","title":{"rendered":"Vaarika sorbett \ud83c\uddee\ud83c\uddf9"},"content":{"rendered":"","protected":false},"excerpt":{"rendered":"<p><strong>Vaarika maitseline roosakat v\u00e4rvi sorbeti segu.<\/strong><\/p>\n<p>* Gluteenivaba<br \/>\n* Laktoosivaba<br \/>\n* Vegan<br \/>\n* Paki kaal 1.25 kg<br \/>\n* Valmistatud Itaalias, tootja Rubicone<\/p>\n<p><strong>Doseerimine<\/strong>: Paki sisule lisada 3l vett.<\/p>\n<p><strong>Koostis<\/strong>: sahharoos, kuivatatud gl\u00fckoos, dekstroos, kuivatatud mangomahl, h\u00fcdrogeenimata taimerasvad (kookosp\u00e4hkel). Happeaine: sidrunhape. Stabilisaatorid: E410, E466, E412, l\u00f5hna- ja maitseained. V\u00e4rvained: E160a. Emulgaatorid: E471, sool.<br \/>\n<a href=\"https:\/\/jatman.ee\/epood\/wp-content\/uploads\/2023\/07\/N562_Pronto_Lampone_CN.jpg\"><img decoding=\"async\" class=\"alignnone size-full wp-image-1779\" src=\"https:\/\/jatman.ee\/epood\/wp-content\/uploads\/2023\/07\/N562_Pronto_Lampone_CN.jpg\" alt=\"\" width=\"1000\" height=\"1000\" srcset=\"https:\/\/jatman.ee\/epood\/wp-content\/uploads\/2023\/07\/N562_Pronto_Lampone_CN.jpg 1000w, https:\/\/jatman.ee\/epood\/wp-content\/uploads\/2023\/07\/N562_Pronto_Lampone_CN-300x300.jpg 300w, https:\/\/jatman.ee\/epood\/wp-content\/uploads\/2023\/07\/N562_Pronto_Lampone_CN-150x150.jpg 150w, https:\/\/jatman.ee\/epood\/wp-content\/uploads\/2023\/07\/N562_Pronto_Lampone_CN-768x768.jpg 768w, https:\/\/jatman.ee\/epood\/wp-content\/uploads\/2023\/07\/N562_Pronto_Lampone_CN-600x600.jpg 600w, https:\/\/jatman.ee\/epood\/wp-content\/uploads\/2023\/07\/N562_Pronto_Lampone_CN-100x100.jpg 100w\" sizes=\"(max-width: 1000px) 100vw, 1000px\" \/><\/a><\/p>\n<p><strong>Tootekood<\/strong> N562<br \/>\n<em>Hind sisaldab k\u00e4ibemaksu<\/em><\/p>\n","protected":false},"featured_media":1780,"template":"","meta":{"_exactmetrics_skip_tracking":false,"_exactmetrics_sitenote_active":false,"_exactmetrics_sitenote_note":"","_exactmetrics_sitenote_category":0},"product_cat":[74,73],"product_tag":[68,69,71],"class_list":{"0":"post-1778","1":"product","2":"type-product","3":"status-publish","4":"has-post-thumbnail","6":"product_cat-rubicone-2","7":"product_cat-sorbetid","8":"product_tag-pehme-jaatise-pulber","9":"product_tag-rubicone","10":"product_tag-sorbett","12":"first","13":"instock","14":"taxable","15":"shipping-taxable","16":"purchasable","17":"product-type-simple"},"_links":{"self":[{"href":"https:\/\/jatman.ee\/epood\/wp-json\/wp\/v2\/product\/1778","targetHints":{"allow":["GET"]}}],"collection":[{"href":"https:\/\/jatman.ee\/epood\/wp-json\/wp\/v2\/product"}],"about":[{"href":"https:\/\/jatman.ee\/epood\/wp-json\/wp\/v2\/types\/product"}],"wp:featuredmedia":[{"embeddable":true,"href":"https:\/\/jatman.ee\/epood\/wp-json\/wp\/v2\/media\/1780"}],"wp:attachment":[{"href":"https:\/\/jatman.ee\/epood\/wp-json\/wp\/v2\/media?parent=1778"}],"wp:term":[{"taxonomy":"product_cat","embeddable":true,"href":"https:\/\/jatman.ee\/epood\/wp-json\/wp\/v2\/product_cat?post=1778"},{"taxonomy":"product_tag","embeddable":true,"href":"https:\/\/jatman.ee\/epood\/wp-json\/wp\/v2\/product_tag?post=1778"}],"curies":[{"name":"wp","href":"https:\/\/api.w.org\/{rel}","templated":true}]}}