{"id":1836,"date":"2023-07-18T19:31:30","date_gmt":"2023-07-18T19:31:30","guid":{"rendered":"https:\/\/jatman.ee\/epood\/?post_type=product&#038;p=1836"},"modified":"2026-04-17T16:26:18","modified_gmt":"2026-04-17T16:26:18","slug":"toidusilikoon-carpilube","status":"publish","type":"product","link":"https:\/\/jatman.ee\/epood\/toidusilikoon\/","title":{"rendered":"Toidusilikoon CARPILUBE"},"content":{"rendered":"","protected":false},"excerpt":{"rendered":"<p>Pehme j\u00e4\u00e4tise masina hooduseks m\u00f5eldud toidusilikoon Caprilube<\/p>\n<p>Kaal: 113gr<br \/>\nTootja: Caprigiani<\/p>\n","protected":false},"featured_media":1837,"template":"","meta":{"_exactmetrics_skip_tracking":false,"_exactmetrics_sitenote_active":false,"_exactmetrics_sitenote_note":"","_exactmetrics_sitenote_category":0},"product_cat":[50,75],"product_tag":[],"class_list":{"0":"post-1836","1":"product","2":"type-product","3":"status-publish","4":"has-post-thumbnail","6":"product_cat-jatman-jaatised","7":"product_cat-muudtooted","9":"first","10":"instock","11":"purchasable","12":"product-type-simple"},"_links":{"self":[{"href":"https:\/\/jatman.ee\/epood\/wp-json\/wp\/v2\/product\/1836","targetHints":{"allow":["GET"]}}],"collection":[{"href":"https:\/\/jatman.ee\/epood\/wp-json\/wp\/v2\/product"}],"about":[{"href":"https:\/\/jatman.ee\/epood\/wp-json\/wp\/v2\/types\/product"}],"wp:featuredmedia":[{"embeddable":true,"href":"https:\/\/jatman.ee\/epood\/wp-json\/wp\/v2\/media\/1837"}],"wp:attachment":[{"href":"https:\/\/jatman.ee\/epood\/wp-json\/wp\/v2\/media?parent=1836"}],"wp:term":[{"taxonomy":"product_cat","embeddable":true,"href":"https:\/\/jatman.ee\/epood\/wp-json\/wp\/v2\/product_cat?post=1836"},{"taxonomy":"product_tag","embeddable":true,"href":"https:\/\/jatman.ee\/epood\/wp-json\/wp\/v2\/product_tag?post=1836"}],"curies":[{"name":"wp","href":"https:\/\/api.w.org\/{rel}","templated":true}]}}