{"id":1889,"date":"2024-07-16T07:28:18","date_gmt":"2024-07-16T07:28:18","guid":{"rendered":"https:\/\/jatman.ee\/epood\/?post_type=product&#038;p=1889"},"modified":"2026-04-19T10:40:48","modified_gmt":"2026-04-19T10:40:48","slug":"mango-2","status":"publish","type":"product","link":"https:\/\/jatman.ee\/epood\/pood\/mango-2\/","title":{"rendered":"Mango Alphonso \ud83c\uddee\ud83c\uddf9"},"content":{"rendered":"","protected":false},"excerpt":{"rendered":"<p><strong>Ideaalne mango pehme j\u00e4\u00e4tis!<\/strong><\/p>\n<p>Alphonso mango on v\u00e4ga magus ja aromaatne. Sellel on rikkalik ja t\u00e4idlane maitse, mida iseloomustab intensiivne troopiline magusus koos kergelt hapuka noodiga. Tekstuur on pehme ja siidine, mis teeb selle \u00fcheks k\u00f5ige hinnatumaks mangosordiks maailmas.<\/p>\n<p>* Gluteenivaba<br \/>\n* Vegan<br \/>\n* Paki kaal 1,5kg<br \/>\n* Valmistatud Itaalias, tootja Rubicone<\/p>\n<p>Doseerimine: 1.5kg + 3,5l vett. Saadud segust valmistab pehme j\u00e4\u00e4tise masin \u223c50 100gr pehmet j\u00e4\u00e4tist!<\/p>\n<p><strong>Koostisained<\/strong>: sahharoos, maltodekstriin, dekstroos, taimsed kiudained; emulgaatorid: E472b, E477, sojajahu, l\u00f5hna- ja maitseained; stabilisaatorid: E412, E551, taime\u00f5li (kookos); happeaine: sidrunhape; v\u00e4rvaine: E10a, sool, E160a. V\u00f5ib sisaldada piima j\u00e4lgi.<\/p>\n<p><a href=\"https:\/\/jatman.ee\/epood\/wp-content\/uploads\/2024\/07\/soft-mango-alphonso-base-15-kg-rubicone.jpeg\"><img decoding=\"async\" class=\"size-full wp-image-1890 aligncenter\" src=\"https:\/\/jatman.ee\/epood\/wp-content\/uploads\/2024\/07\/soft-mango-alphonso-base-15-kg-rubicone.jpeg\" alt=\"\" width=\"700\" height=\"700\" srcset=\"https:\/\/jatman.ee\/epood\/wp-content\/uploads\/2024\/07\/soft-mango-alphonso-base-15-kg-rubicone.jpeg 700w, https:\/\/jatman.ee\/epood\/wp-content\/uploads\/2024\/07\/soft-mango-alphonso-base-15-kg-rubicone-300x300.jpeg 300w, https:\/\/jatman.ee\/epood\/wp-content\/uploads\/2024\/07\/soft-mango-alphonso-base-15-kg-rubicone-150x150.jpeg 150w, https:\/\/jatman.ee\/epood\/wp-content\/uploads\/2024\/07\/soft-mango-alphonso-base-15-kg-rubicone-600x600.jpeg 600w, https:\/\/jatman.ee\/epood\/wp-content\/uploads\/2024\/07\/soft-mango-alphonso-base-15-kg-rubicone-100x100.jpeg 100w\" sizes=\"(max-width: 700px) 100vw, 700px\" \/><\/a><\/p>\n<p><strong>Tootekood<\/strong>: N224<\/p>\n<p><em>Hind sisaldab k\u00e4ibemaksu<\/em><\/p>\n","protected":false},"featured_media":1891,"template":"","meta":{"_exactmetrics_skip_tracking":false,"_exactmetrics_sitenote_active":false,"_exactmetrics_sitenote_note":"","_exactmetrics_sitenote_category":0},"product_cat":[67,74],"product_tag":[68,69],"class_list":{"0":"post-1889","1":"product","2":"type-product","3":"status-publish","4":"has-post-thumbnail","6":"product_cat-pehmejaatis","7":"product_cat-rubicone-2","8":"product_tag-pehme-jaatise-pulber","9":"product_tag-rubicone","11":"first","12":"instock","13":"taxable","14":"shipping-taxable","15":"purchasable","16":"product-type-simple"},"_links":{"self":[{"href":"https:\/\/jatman.ee\/epood\/wp-json\/wp\/v2\/product\/1889","targetHints":{"allow":["GET"]}}],"collection":[{"href":"https:\/\/jatman.ee\/epood\/wp-json\/wp\/v2\/product"}],"about":[{"href":"https:\/\/jatman.ee\/epood\/wp-json\/wp\/v2\/types\/product"}],"wp:featuredmedia":[{"embeddable":true,"href":"https:\/\/jatman.ee\/epood\/wp-json\/wp\/v2\/media\/1891"}],"wp:attachment":[{"href":"https:\/\/jatman.ee\/epood\/wp-json\/wp\/v2\/media?parent=1889"}],"wp:term":[{"taxonomy":"product_cat","embeddable":true,"href":"https:\/\/jatman.ee\/epood\/wp-json\/wp\/v2\/product_cat?post=1889"},{"taxonomy":"product_tag","embeddable":true,"href":"https:\/\/jatman.ee\/epood\/wp-json\/wp\/v2\/product_tag?post=1889"}],"curies":[{"name":"wp","href":"https:\/\/api.w.org\/{rel}","templated":true}]}}