{"id":1892,"date":"2024-07-16T07:43:19","date_gmt":"2024-07-16T07:43:19","guid":{"rendered":"https:\/\/jatman.ee\/epood\/?post_type=product&#038;p=1892"},"modified":"2026-04-18T09:27:57","modified_gmt":"2026-04-18T09:27:57","slug":"limoncello","status":"publish","type":"product","link":"https:\/\/jatman.ee\/epood\/pood\/limoncello\/","title":{"rendered":"Limoncello (alkoholivaba) \ud83c\uddee\ud83c\uddf9"},"content":{"rendered":"","protected":false},"excerpt":{"rendered":"<p>Limoncello pehme j\u00e4\u00e4tis on luksuslik ja v\u00e4rskendav magustoit, mis \u00fchendab klassikalise Itaalia lik\u00f6\u00f6ri limoncello\u00a0 maitse ja kreemja j\u00e4\u00e4tise parimad omadused.<\/p>\n<p>* Gluteenivaba<br \/>\n* Paki kaal 1,25kg<br \/>\n* Valmistatud Itaalias, tootja Rubicone<\/p>\n<p>Doseerimine: 1.5kg + 3l vett.<\/p>\n<p><strong>Koostisained<\/strong>: \u00a0sahharoos, dekstroos, maltodekstriin, taimsed kiudained (inuliin), h\u00fcdrogeenimata taimsed rasvad (kookosp\u00e4hkel); happeaine: sidrunhape;\u00a0 emulgaator: E471; stabilisaatorid: E412, E466, E405; V\u00e4rvaine: E100, sool. V\u00f5ib sisaldada piimasoja j\u00e4lgi.<\/p>\n<p><a href=\"https:\/\/jatman.ee\/epood\/wp-content\/uploads\/2024\/07\/F731_Pronto_Limoncello-1.jpeg\"><img decoding=\"async\" class=\"alignnone size-full wp-image-1893\" src=\"https:\/\/jatman.ee\/epood\/wp-content\/uploads\/2024\/07\/F731_Pronto_Limoncello-1.jpeg\" alt=\"\" width=\"1000\" height=\"1000\" srcset=\"https:\/\/jatman.ee\/epood\/wp-content\/uploads\/2024\/07\/F731_Pronto_Limoncello-1.jpeg 1000w, https:\/\/jatman.ee\/epood\/wp-content\/uploads\/2024\/07\/F731_Pronto_Limoncello-1-300x300.jpeg 300w, https:\/\/jatman.ee\/epood\/wp-content\/uploads\/2024\/07\/F731_Pronto_Limoncello-1-150x150.jpeg 150w, https:\/\/jatman.ee\/epood\/wp-content\/uploads\/2024\/07\/F731_Pronto_Limoncello-1-768x768.jpeg 768w, https:\/\/jatman.ee\/epood\/wp-content\/uploads\/2024\/07\/F731_Pronto_Limoncello-1-600x600.jpeg 600w, https:\/\/jatman.ee\/epood\/wp-content\/uploads\/2024\/07\/F731_Pronto_Limoncello-1-100x100.jpeg 100w\" sizes=\"(max-width: 1000px) 100vw, 1000px\" \/><\/a><\/p>\n<p>&nbsp;<\/p>\n<p><strong>Tootekood<\/strong>: F731<\/p>\n<p><em>Hind sisaldab k\u00e4ibemaksu<\/em><\/p>\n","protected":false},"featured_media":1894,"template":"","meta":{"_exactmetrics_skip_tracking":false,"_exactmetrics_sitenote_active":false,"_exactmetrics_sitenote_note":"","_exactmetrics_sitenote_category":0},"product_cat":[67,74],"product_tag":[68,69],"class_list":{"0":"post-1892","1":"product","2":"type-product","3":"status-publish","4":"has-post-thumbnail","6":"product_cat-pehmejaatis","7":"product_cat-rubicone-2","8":"product_tag-pehme-jaatise-pulber","9":"product_tag-rubicone","11":"first","12":"instock","13":"taxable","14":"shipping-taxable","15":"purchasable","16":"product-type-simple"},"_links":{"self":[{"href":"https:\/\/jatman.ee\/epood\/wp-json\/wp\/v2\/product\/1892","targetHints":{"allow":["GET"]}}],"collection":[{"href":"https:\/\/jatman.ee\/epood\/wp-json\/wp\/v2\/product"}],"about":[{"href":"https:\/\/jatman.ee\/epood\/wp-json\/wp\/v2\/types\/product"}],"wp:featuredmedia":[{"embeddable":true,"href":"https:\/\/jatman.ee\/epood\/wp-json\/wp\/v2\/media\/1894"}],"wp:attachment":[{"href":"https:\/\/jatman.ee\/epood\/wp-json\/wp\/v2\/media?parent=1892"}],"wp:term":[{"taxonomy":"product_cat","embeddable":true,"href":"https:\/\/jatman.ee\/epood\/wp-json\/wp\/v2\/product_cat?post=1892"},{"taxonomy":"product_tag","embeddable":true,"href":"https:\/\/jatman.ee\/epood\/wp-json\/wp\/v2\/product_tag?post=1892"}],"curies":[{"name":"wp","href":"https:\/\/api.w.org\/{rel}","templated":true}]}}