{"id":1911,"date":"2025-03-27T09:04:18","date_gmt":"2025-03-27T09:04:18","guid":{"rendered":"https:\/\/jatman.ee\/epood\/?post_type=product&#038;p=1911"},"modified":"2026-04-29T05:47:06","modified_gmt":"2026-04-29T05:47:06","slug":"frozen-%f0%9f%87%ae%f0%9f%87%b9","status":"publish","type":"product","link":"https:\/\/jatman.ee\/epood\/pood\/frozen\/","title":{"rendered":"Frozen Yogurt \ud83c\uddee\ud83c\uddf9"},"content":{"rendered":"","protected":false},"excerpt":{"rendered":"<p><strong>K\u00fclmutatud jogurt, mis sobib valmistamiseks pehme j\u00e4\u00e4tise masinates.<\/strong><\/p>\n<p>* Gluteenivaba<br \/>\n* Paki kaal 1,2kg<br \/>\n* Valmistatud Itaalias, tootja Rubicone<\/p>\n<p><strong>Doseerimine<\/strong>: Paki sisule lisada 3,5l piima.<\/p>\n<p><strong>Koostis<\/strong>:<br \/>\n<a href=\"https:\/\/jatman.ee\/epood\/wp-content\/uploads\/2025\/03\/F815_Pronto_Yogurt.jpg\"><img decoding=\"async\" class=\"alignnone wp-image-1913 size-full\" src=\"https:\/\/jatman.ee\/epood\/wp-content\/uploads\/2025\/03\/F815_Pronto_Yogurt.jpg\" alt=\"\" width=\"1000\" height=\"1000\" srcset=\"https:\/\/jatman.ee\/epood\/wp-content\/uploads\/2025\/03\/F815_Pronto_Yogurt.jpg 1000w, https:\/\/jatman.ee\/epood\/wp-content\/uploads\/2025\/03\/F815_Pronto_Yogurt-300x300.jpg 300w, https:\/\/jatman.ee\/epood\/wp-content\/uploads\/2025\/03\/F815_Pronto_Yogurt-150x150.jpg 150w, https:\/\/jatman.ee\/epood\/wp-content\/uploads\/2025\/03\/F815_Pronto_Yogurt-768x768.jpg 768w, https:\/\/jatman.ee\/epood\/wp-content\/uploads\/2025\/03\/F815_Pronto_Yogurt-600x600.jpg 600w, https:\/\/jatman.ee\/epood\/wp-content\/uploads\/2025\/03\/F815_Pronto_Yogurt-100x100.jpg 100w\" sizes=\"(max-width: 1000px) 100vw, 1000px\" \/><\/a><strong>Tootekood<\/strong> <span data-sheets-value=\"{&quot;1&quot;:2,&quot;2&quot;:&quot;N781&quot;}\" data-sheets-userformat=\"{&quot;2&quot;:577,&quot;3&quot;:{&quot;1&quot;:0},&quot;9&quot;:1,&quot;12&quot;:0}\">F815<br \/>\n<em>Hind sisaldab k\u00e4ibemaksu<\/em><br \/>\n<\/span><\/p>\n","protected":false},"featured_media":1912,"template":"","meta":{"_exactmetrics_skip_tracking":false,"_exactmetrics_sitenote_active":false,"_exactmetrics_sitenote_note":"","_exactmetrics_sitenote_category":0},"product_cat":[77,67,74],"product_tag":[68,69,70],"class_list":{"0":"post-1911","1":"product","2":"type-product","3":"status-publish","4":"has-post-thumbnail","6":"product_cat-frozen-yogurt","7":"product_cat-pehmejaatis","8":"product_cat-rubicone-2","9":"product_tag-pehme-jaatise-pulber","10":"product_tag-rubicone","11":"product_tag-vegan","13":"first","14":"instock","15":"taxable","16":"shipping-taxable","17":"purchasable","18":"product-type-simple"},"_links":{"self":[{"href":"https:\/\/jatman.ee\/epood\/wp-json\/wp\/v2\/product\/1911","targetHints":{"allow":["GET"]}}],"collection":[{"href":"https:\/\/jatman.ee\/epood\/wp-json\/wp\/v2\/product"}],"about":[{"href":"https:\/\/jatman.ee\/epood\/wp-json\/wp\/v2\/types\/product"}],"wp:featuredmedia":[{"embeddable":true,"href":"https:\/\/jatman.ee\/epood\/wp-json\/wp\/v2\/media\/1912"}],"wp:attachment":[{"href":"https:\/\/jatman.ee\/epood\/wp-json\/wp\/v2\/media?parent=1911"}],"wp:term":[{"taxonomy":"product_cat","embeddable":true,"href":"https:\/\/jatman.ee\/epood\/wp-json\/wp\/v2\/product_cat?post=1911"},{"taxonomy":"product_tag","embeddable":true,"href":"https:\/\/jatman.ee\/epood\/wp-json\/wp\/v2\/product_tag?post=1911"}],"curies":[{"name":"wp","href":"https:\/\/api.w.org\/{rel}","templated":true}]}}