{"id":1294,"date":"2023-01-12T19:35:54","date_gmt":"2023-01-12T19:35:54","guid":{"rendered":"https:\/\/jatman.ee\/test\/?page_id=1294"},"modified":"2024-05-28T07:03:04","modified_gmt":"2024-05-28T07:03:04","slug":"jaatisemasina-juhend","status":"publish","type":"page","link":"https:\/\/jatman.ee\/test\/jaatisemasina-juhend\/","title":{"rendered":"J\u00e4\u00e4tisemasina juhend"},"content":{"rendered":"<p class=\"has-regular-font-size\"><strong>J\u00e4\u00e4tisemasina m\u00f5\u00f5dud<\/strong><\/p><ul class=\"wp-block-list\"><li>J\u00e4\u00e4tisemasina m\u00f5\u00f5dud on ca 20\u044548\u044562 cm ning kaal 27kg. <\/li><\/ul><p class=\"has-regular-font-size\"><strong>Mida on oluline teada pehme j\u00e4\u00e4tise masina kasutamisest:<\/strong><\/p><p><strong>Kasutamise lihtsus:<\/strong><\/p><ul class=\"wp-block-list\"><li>J\u00e4\u00e4tisemasin saabub eelprogrammeeritult \u2013 Teil on vaja vaid segu sisse panna ja masin t\u00f6\u00f6le vajutada!<\/li><\/ul><p><strong>Maitsevalikud:<\/strong><\/p><ul class=\"wp-block-list\"><li>\u00dcks masin valmistab \u00fche maitse<\/li>\n\n<li>Meie pakutavate maitsetega saate tutvuda <a href=\"https:\/\/jatman.ee\/test\/test\/pood\/jaatisemasin\/\">pehme j\u00e4\u00e4tisemasina lehel<\/a> v\u00f5i <a href=\"https:\/\/jatman.ee\/test\/test\/paring\/\">tellimust\/hinnap\u00e4ringut saates.<\/a><\/li><\/ul><p><strong>Valmistusaeg:<\/strong><\/p><ul class=\"wp-block-list\"><li><strong>30 j\u00e4\u00e4tist:<\/strong> umbes 1 tund ja 20 minutit<\/li>\n\n<li><strong>40 j\u00e4\u00e4tist:<\/strong> umbes 1 tund ja 40 minutit<\/li><\/ul><p>Tegelikkuses v\u00f5ib esimesi j\u00e4\u00e4tiseid nautida juba umbes 1h kuni 1h 15min p\u00e4rast valmistamise alustamist. Siiski tasub m\u00e4rkida, et j\u00e4\u00e4tise maitse ja konsistents paranevad veelgi, kui lasta masinal segu mikserdada veidi kauem &#8211; umbes 2 tundi. Selle aja jooksul \u00fchtlustuvad maitse ja tekstuur ning tulemus on veelgi nauditavam.<br><br><strong>T\u00e4iusliku Maitse Saladus:<\/strong> Parima maitse saavutamiseks soovitame lasta masinal segu mikserdada <strong>2 tundi<\/strong>.<br><br><strong>Valmimisaja m\u00f5jutajad:<\/strong><\/p><ul class=\"wp-block-list\"><li>Valmimisaeg varieerub \u00f5hutemperatuurist, \u00f5huniiskusest, j\u00e4\u00e4tisesegu algtemperatuurist ning valmistatavast j\u00e4\u00e4tise kogusest.<\/li><\/ul><p><strong>Mahutavus:<\/strong><\/p><ul class=\"wp-block-list\"><li>Masinasse mahub korraga kuni <strong>3.5 liitrit<\/strong> j\u00e4\u00e4tisesegu, millest valmib orienteeruvalt <strong>40 portsjonit<\/strong>.<\/li><\/ul><p><strong>Lisaj\u00e4\u00e4tised:<\/strong><\/p><ul class=\"wp-block-list\"><li>Kui olete valinud ka lisaj\u00e4\u00e4tised, siis nende valmistamiseks kulub umbes <strong>15-20 minutit<\/strong>\/ <strong>10 j\u00e4\u00e4tise<\/strong> ehk <strong>1 liitri segu<\/strong> kohta.<\/li><\/ul><p><strong>Transport ja kasutamine:<\/strong><\/p><ul class=\"wp-block-list\"><li>Masinat tohib transportida vaid p\u00fcstises asendis!<\/li>\n\n<li>Masin vajab t\u00f6\u00f6tamiseks voolu ja teeb veidi m\u00fcra (k\u00fclmkapi sarnane h\u00e4\u00e4l).<\/li>\n\n<li>Jahutuse tagamiseks hoidke m\u00f5lemalt k\u00fcljelt ja tagant vaba ruumi <strong>20\u201350 cm<\/strong>.<\/li>\n\n<li>J\u00e4\u00e4tisemasin on m\u00f5eldud kasutamiseks siseruumides! V\u00e4litingimustes kasutamisest tuleb eelnevalt teavitada.<\/li>\n\n<li>Kui masinat kasutatakse v\u00e4litingimustes, tuleb veenduda, et masin oleks kaitstud vihma ja otsese p\u00e4ikese eest ning ei asetseks \u00fchegi tuleaseme (l\u00f5ke, grill, suitsuahi jms) l\u00e4heduses.<\/li><\/ul><p><strong>Kasutusjuhised:<\/strong><\/p><ul class=\"wp-block-list\"><li>J\u00e4\u00e4tisemasinasse on keelatud lisada marju vms.<\/li>\n\n<li>Kui j\u00e4\u00e4tist masinast enam ei tule, saate soovi korral teha <strong>j\u00e4\u00e4tistekokteili<\/strong>. <br>J\u00e4\u00e4tisekokteili tegemiseks:<ul class=\"wp-block-list\"><li>lisage j\u00e4\u00e4tisemasinasse 1liiter t\u00fckkideta mahla (sobib h\u00e4sti \u00f5una- v\u00f5i ploomimahl)<\/li>\n\n<li>seadistage nupust &#8220;nool all&#8221; ekraanil n\u00e4it \u00fchele ruudule<\/li>\n\n<li>laske masinale mikserdada ca 20 minutit <\/li>\n\n<li>nautige j\u00e4\u00e4tisekokteili!<\/li><\/ul><\/li>\n\n<li>J\u00e4\u00e4tisemasinast ei tohi lusika ega millegi muuga masinasse j\u00e4\u00e4nud j\u00e4\u00e4tist v\u00e4lja v\u00f5tma hakata!<\/li><\/ul><p><strong>Masina puhastus:<\/strong><\/p><ul class=\"wp-block-list\"><li><strong>J\u00e4\u00e4tisemasina pesu on meie t\u00f6\u00f6!<\/strong> Rentnikul on keelatud masinat pesema v\u00f5i puhastama hakata. <br>Rentnik puhastab vaid tilgakopsiku!<\/li><\/ul><p><strong>Head j\u00e4\u00e4tise valmistamist!<\/strong><\/p>","protected":false},"excerpt":{"rendered":"<p>J\u00e4\u00e4tisemasina m\u00f5\u00f5dud Mida on oluline teada pehme j\u00e4\u00e4tise masina kasutamisest: Kasutamise lihtsus: Maitsevalikud: Valmistusaeg: Tegelikkuses v\u00f5ib esimesi j\u00e4\u00e4tiseid nautida juba umbes 1h kuni 1h 15min p\u00e4rast valmistamise alustamist. Siiski tasub m\u00e4rkida, et j\u00e4\u00e4tise maitse ja konsistents paranevad veelgi, kui lasta masinal segu mikserdada veidi kauem &#8211; umbes 2 tundi. Selle aja jooksul \u00fchtlustuvad maitse ja [&hellip;]<\/p>\n","protected":false},"author":5,"featured_media":0,"parent":0,"menu_order":0,"comment_status":"closed","ping_status":"closed","template":"","meta":{"_exactmetrics_skip_tracking":false,"_exactmetrics_sitenote_active":false,"_exactmetrics_sitenote_note":"","_exactmetrics_sitenote_category":0,"footnotes":""},"class_list":["post-1294","page","type-page","status-publish","hentry"],"_links":{"self":[{"href":"https:\/\/jatman.ee\/test\/wp-json\/wp\/v2\/pages\/1294","targetHints":{"allow":["GET"]}}],"collection":[{"href":"https:\/\/jatman.ee\/test\/wp-json\/wp\/v2\/pages"}],"about":[{"href":"https:\/\/jatman.ee\/test\/wp-json\/wp\/v2\/types\/page"}],"author":[{"embeddable":true,"href":"https:\/\/jatman.ee\/test\/wp-json\/wp\/v2\/users\/5"}],"replies":[{"embeddable":true,"href":"https:\/\/jatman.ee\/test\/wp-json\/wp\/v2\/comments?post=1294"}],"version-history":[{"count":10,"href":"https:\/\/jatman.ee\/test\/wp-json\/wp\/v2\/pages\/1294\/revisions"}],"predecessor-version":[{"id":1821,"href":"https:\/\/jatman.ee\/test\/wp-json\/wp\/v2\/pages\/1294\/revisions\/1821"}],"wp:attachment":[{"href":"https:\/\/jatman.ee\/test\/wp-json\/wp\/v2\/media?parent=1294"}],"curies":[{"name":"wp","href":"https:\/\/api.w.org\/{rel}","templated":true}]}}