{"id":1300,"date":"2023-01-12T19:49:49","date_gmt":"2023-01-12T19:49:49","guid":{"rendered":"https:\/\/jatman.ee\/test\/?page_id=1300"},"modified":"2023-10-04T09:09:24","modified_gmt":"2023-10-04T09:09:24","slug":"popkornimasina-juhend","status":"publish","type":"page","link":"https:\/\/jatman.ee\/test\/popkornimasina-juhend\/","title":{"rendered":"Popkornimasina juhend"},"content":{"rendered":"<p class=\"has-regular-font-size\"><strong>Popkornimasina m\u00f5\u00f5dud<\/strong><\/p><ul class=\"wp-block-list\"><li>Popkornimasina m\u00f5\u00f5dud on ca 56x42x76cm<\/li><\/ul><p class=\"has-regular-font-size\"><strong>Mida on oluline teada<strong> popkornimasina<\/strong><\/strong> <strong>kasutamisest:<\/strong><\/p><ul class=\"wp-block-list\"><li>T\u00e4pne kasutusjuhend asub siin: <a href=\"https:\/\/youtu.be\/2EogVJw-BT8\">VIDEO<\/a><\/li>\n\n<li><strong>Popkorni masin on m\u00f5eldud kasutamiseks sisetingimustes<\/strong>. <\/li>\n\n<li>Kui on kokkulepitud masina kasutamine v\u00e4litingumustes, tuleb veenduda, et masin oleks kaitstud vihma ja otsese p\u00e4ikese eest ning ei asetseks \u00fchegi tuleaseme (l\u00f5ke, grill, suitsuahi, jms) l\u00e4heduses.<\/li>\n\n<li><strong>NB! Popkornimasina kasutusel eritub v\u00e4heses koguses auru, mist\u00f5ttu on soovituslik popkornimasina l\u00e4heduses suitsuandur v\u00e4lja l\u00fclitada v\u00f5i popkornimasin suitusandurist kaugemale paigutada.<\/strong><\/li><\/ul><p><\/p><p class=\"has-regular-font-size\"><strong>Popkornimasina puhatame meie! <\/strong>Rentniku tuleb t\u00fchjendada vaid masina sahtel!<\/p>","protected":false},"excerpt":{"rendered":"<p>Popkornimasina m\u00f5\u00f5dud Mida on oluline teada popkornimasina kasutamisest: Popkornimasina puhatame meie! Rentniku tuleb t\u00fchjendada vaid masina sahtel!<\/p>\n","protected":false},"author":5,"featured_media":0,"parent":0,"menu_order":0,"comment_status":"closed","ping_status":"closed","template":"","meta":{"_exactmetrics_skip_tracking":false,"_exactmetrics_sitenote_active":false,"_exactmetrics_sitenote_note":"","_exactmetrics_sitenote_category":0,"footnotes":""},"class_list":["post-1300","page","type-page","status-publish","hentry"],"_links":{"self":[{"href":"https:\/\/jatman.ee\/test\/wp-json\/wp\/v2\/pages\/1300","targetHints":{"allow":["GET"]}}],"collection":[{"href":"https:\/\/jatman.ee\/test\/wp-json\/wp\/v2\/pages"}],"about":[{"href":"https:\/\/jatman.ee\/test\/wp-json\/wp\/v2\/types\/page"}],"author":[{"embeddable":true,"href":"https:\/\/jatman.ee\/test\/wp-json\/wp\/v2\/users\/5"}],"replies":[{"embeddable":true,"href":"https:\/\/jatman.ee\/test\/wp-json\/wp\/v2\/comments?post=1300"}],"version-history":[{"count":4,"href":"https:\/\/jatman.ee\/test\/wp-json\/wp\/v2\/pages\/1300\/revisions"}],"predecessor-version":[{"id":1716,"href":"https:\/\/jatman.ee\/test\/wp-json\/wp\/v2\/pages\/1300\/revisions\/1716"}],"wp:attachment":[{"href":"https:\/\/jatman.ee\/test\/wp-json\/wp\/v2\/media?parent=1300"}],"curies":[{"name":"wp","href":"https:\/\/api.w.org\/{rel}","templated":true}]}}