{"id":1468,"date":"2023-03-05T09:11:45","date_gmt":"2023-03-05T09:11:45","guid":{"rendered":"https:\/\/jatman.ee\/test\/?page_id=1468"},"modified":"2023-09-06T10:14:07","modified_gmt":"2023-09-06T10:14:07","slug":"minipannkoogimasin-paketid","status":"publish","type":"page","link":"https:\/\/jatman.ee\/test\/minipannkoogimasin-paketid\/","title":{"rendered":"Minipannkoogimasina paketid"},"content":{"rendered":"<figure class=\"wp-block-table is-style-stripes\"><table><tbody><tr><td class=\"has-text-align-center\" data-align=\"center\"><strong>Pakett*<\/strong><\/td><td class=\"has-text-align-left\" data-align=\"left\"><strong>Hind<\/strong><\/td><td class=\"has-text-align-center\" data-align=\"center\"><strong>Minipannkoogi<br>jahu<\/strong><\/td><td class=\"has-text-align-center\" data-align=\"center\"><strong>Minipannkoogi<br>taigen<\/strong><\/td><td class=\"has-text-align-center\" data-align=\"center\"><strong>Kastmed<\/strong><\/td><td class=\"has-text-align-center\" data-align=\"center\"><strong>Taldrikud<br>&amp; kahvlid<\/strong><\/td><\/tr><tr><td class=\"has-text-align-center\" data-align=\"center\"><strong>MINI<\/strong><br>4-6 s\u00f6\u00f6jale<\/td><td class=\"has-text-align-left\" data-align=\"left\">39\u20ac<\/td><td class=\"has-text-align-center\" data-align=\"center\">1 pakk<br>\u2248 100 tk<\/td><td class=\"has-text-align-center\" data-align=\"center\"> +5\u20ac*<br>1l = 125tk<\/td><td class=\"has-text-align-center\" data-align=\"center\">Tuhksuhkur<br>Pannkoogimoos<\/td><td class=\"has-text-align-center\" data-align=\"center\">\u2014<\/td><\/tr><tr><td class=\"has-text-align-center\" data-align=\"center\"><strong>MIDI<\/strong><br>10-15 s\u00f6\u00f6jale<\/td><td class=\"has-text-align-left\" data-align=\"left\">49\u20ac<\/td><td class=\"has-text-align-center\" data-align=\"center\">2 pakki<br>\u2248 200 tk<\/td><td class=\"has-text-align-center\" data-align=\"center\">+10\u20ac*<br>2l = 250 tk<\/td><td class=\"has-text-align-center\" data-align=\"center\">Tuhksuhkur<br>Pannkoogimoos<\/td><td class=\"has-text-align-center\" data-align=\"center\">15le<\/td><\/tr><tr><td class=\"has-text-align-center\" data-align=\"center\"><strong>REGULAR<\/strong><br>20-25 s\u00f6\u00f6jale<\/td><td class=\"has-text-align-left\" data-align=\"left\">59\u20ac<\/td><td class=\"has-text-align-center\" data-align=\"center\">3 pakki<br>\u2248 300 tk<\/td><td class=\"has-text-align-center\" data-align=\"center\">+15\u20ac*<br>3l = 375tk<\/td><td class=\"has-text-align-center\" data-align=\"center\">Tuhksuhkur<br>Pannkoogimoos<br>\u0160okolaadikreem<\/td><td class=\"has-text-align-center\" data-align=\"center\">25le<\/td><\/tr><tr><td class=\"has-text-align-center\" data-align=\"center\"><strong>MAXI<\/strong><br>25 -30 s\u00f6\u00f6jale<\/td><td class=\"has-text-align-left\" data-align=\"left\">69\u20ac<\/td><td class=\"has-text-align-center\" data-align=\"center\">5 pakki<br>\u2248 500 tk<\/td><td class=\"has-text-align-center\" data-align=\"center\">\u2014<\/td><td class=\"has-text-align-center\" data-align=\"center\">Tuhksuhkur<br>Pannkoogimoos<br>\u0160okolaadikreem<br>Soolakaramell<\/td><td class=\"has-text-align-center\" data-align=\"center\">30le<\/td><\/tr><tr><td class=\"has-text-align-center\" data-align=\"center\"><strong>DELUXE<\/strong><br>25-30 s\u00f6\u00f6jale<\/td><td class=\"has-text-align-left\" data-align=\"left\">79\u20ac<\/td><td class=\"has-text-align-center\" data-align=\"center\">\u2014<\/td><td class=\"has-text-align-center\" data-align=\"center\">5l = 625tk<\/td><td class=\"has-text-align-center\" data-align=\"center\">Tuhksuhkur<br>Pannkoogimoos<br>\u0160okolaadikreem<br>Soolakaramell<br>Kondenspiim<\/td><td class=\"has-text-align-center\" data-align=\"center\">30le<\/td><\/tr><\/tbody><\/table><\/figure><p><strong>K\u00f5ikides pakketides sisaldub:<br><\/strong>\u2713 minipannkoogimasina rent<br>\u2713 dosaatori rent<br>\u2713 k\u00fcpsetamiseks \u00f5li<br>\u2713 vastavalt valitud paketile minipannkoogi tooraine ning kastmed<br><br><strong>Pakketides MINI, MIDI, REGULAR, MAXI ei sisaldu:<br><\/strong>\u2713 piim (v\u00f5i vesi) pannkoogijahule. Kulu ca 400 ml \u00fche pakk minipannkoogijahu kohta.<br>\u2713 taigna segamise vahendeid<br><br>* Kui soovite pakketides MINI, MIDI ja REGULAR asendada pannkoogijahu valmistaignaga, lisandub hinnale tabeli<em> <\/em>Minipannkoogi valmissegu olevas lahtris toodud summa.<strong><br><\/strong><\/p><p>Broneerimiseks saada meile&nbsp;<strong><a href=\"https:\/\/jatman.ee\/test\/paring\/\">P\u00c4RING<\/a><\/strong><\/p><p><\/p><p><\/p>","protected":false},"excerpt":{"rendered":"<p>Pakett* Hind Minipannkoogijahu Minipannkoogitaigen Kastmed Taldrikud&amp; kahvlid MINI4-6 s\u00f6\u00f6jale 39\u20ac 1 pakk\u2248 100 tk +5\u20ac*1l = 125tk TuhksuhkurPannkoogimoos \u2014 MIDI10-15 s\u00f6\u00f6jale 49\u20ac 2 pakki\u2248 200 tk +10\u20ac*2l = 250 tk TuhksuhkurPannkoogimoos 15le REGULAR20-25 s\u00f6\u00f6jale 59\u20ac 3 pakki\u2248 300 tk +15\u20ac*3l = 375tk TuhksuhkurPannkoogimoos\u0160okolaadikreem 25le MAXI25 -30 s\u00f6\u00f6jale 69\u20ac 5 pakki\u2248 500 tk \u2014 TuhksuhkurPannkoogimoos\u0160okolaadikreemSoolakaramell 30le [&hellip;]<\/p>\n","protected":false},"author":1,"featured_media":0,"parent":0,"menu_order":0,"comment_status":"closed","ping_status":"closed","template":"","meta":{"_exactmetrics_skip_tracking":false,"_exactmetrics_sitenote_active":false,"_exactmetrics_sitenote_note":"","_exactmetrics_sitenote_category":0,"footnotes":""},"class_list":["post-1468","page","type-page","status-publish","hentry"],"_links":{"self":[{"href":"https:\/\/jatman.ee\/test\/wp-json\/wp\/v2\/pages\/1468","targetHints":{"allow":["GET"]}}],"collection":[{"href":"https:\/\/jatman.ee\/test\/wp-json\/wp\/v2\/pages"}],"about":[{"href":"https:\/\/jatman.ee\/test\/wp-json\/wp\/v2\/types\/page"}],"author":[{"embeddable":true,"href":"https:\/\/jatman.ee\/test\/wp-json\/wp\/v2\/users\/1"}],"replies":[{"embeddable":true,"href":"https:\/\/jatman.ee\/test\/wp-json\/wp\/v2\/comments?post=1468"}],"version-history":[{"count":54,"href":"https:\/\/jatman.ee\/test\/wp-json\/wp\/v2\/pages\/1468\/revisions"}],"predecessor-version":[{"id":1706,"href":"https:\/\/jatman.ee\/test\/wp-json\/wp\/v2\/pages\/1468\/revisions\/1706"}],"wp:attachment":[{"href":"https:\/\/jatman.ee\/test\/wp-json\/wp\/v2\/media?parent=1468"}],"curies":[{"name":"wp","href":"https:\/\/api.w.org\/{rel}","templated":true}]}}