{"id":1623,"date":"2023-05-20T10:03:03","date_gmt":"2023-05-20T10:03:03","guid":{"rendered":"https:\/\/jatman.ee\/test\/?page_id=1623"},"modified":"2025-05-06T14:03:04","modified_gmt":"2025-05-06T14:03:04","slug":"muud-peotarbed","status":"publish","type":"page","link":"https:\/\/jatman.ee\/test\/muud-peotarbed\/","title":{"rendered":"Muud peotarbed"},"content":{"rendered":"<div data-block-name=\"woocommerce\/handpicked-products\" data-products=\"[1602,1605,1809,1596,1665,1803,1806,1853,1108]\" class=\"wc-block-grid wp-block-handpicked-products wp-block-woocommerce-handpicked-products wc-block-handpicked-products has-3-columns has-multiple-rows\"><ul class=\"wc-block-grid__products\"><li class=\"wc-block-grid__product\">\n\t\t\t\t<a href=\"https:\/\/jatman.ee\/test\/pood\/6llelaud\/\" class=\"wc-block-grid__product-link\">\n\t\t\t\t\t\n\t\t\t\t\t<div class=\"wc-block-grid__product-image\"><img decoding=\"async\" width=\"150\" height=\"150\" src=\"https:\/\/jatman.ee\/test\/wp-content\/uploads\/2024\/06\/Ollemoobel_1-150x150.jpg\" class=\"attachment-woocommerce_thumbnail size-woocommerce_thumbnail\" alt=\"V\u00e4lim\u00f6\u00f6bel\" srcset=\"https:\/\/jatman.ee\/test\/wp-content\/uploads\/2024\/06\/Ollemoobel_1-150x150.jpg 150w, https:\/\/jatman.ee\/test\/wp-content\/uploads\/2024\/06\/Ollemoobel_1-100x100.jpg 100w\" sizes=\"(max-width: 150px) 100vw, 150px\" \/><\/div>\n\t\t\t\t\t<div class=\"wc-block-grid__product-title\">V\u00e4lim\u00f6\u00f6bel<\/div>\n\t\t\t\t<\/a>\n\t\t\t\t<div class=\"wc-block-grid__product-price price\"><span class=\"woocommerce-Price-amount amount\"><span class=\"woocommerce-Price-currencySymbol\">&euro;<\/span>10.00<\/span><\/div>\n\t\t\t\t\n\t\t\t\t<div class=\"wp-block-button wc-block-grid__product-add-to-cart\"><a href=\"https:\/\/jatman.ee\/test\/pood\/6llelaud\/\" aria-label=\"Loe l\u00e4hemalt &ldquo;V\u00e4lim\u00f6\u00f6bel&rdquo; kohta\" data-quantity=\"1\" data-product_id=\"1853\" data-product_sku=\"\" data-price=\"10\" rel=\"nofollow\" class=\"wp-block-button__link  add_to_cart_button\">Loe rohkem<\/a><\/div>\n\t\t\t<\/li><li class=\"wc-block-grid__product\">\n\t\t\t\t<a href=\"https:\/\/jatman.ee\/test\/pood\/marmiit\/\" class=\"wc-block-grid__product-link\">\n\t\t\t\t\t\n\t\t\t\t\t<div class=\"wc-block-grid__product-image\"><img decoding=\"async\" width=\"150\" height=\"150\" src=\"https:\/\/jatman.ee\/test\/wp-content\/uploads\/2024\/05\/marmiit-150x150.jpg\" class=\"attachment-woocommerce_thumbnail size-woocommerce_thumbnail\" alt=\"Marmiit\" srcset=\"https:\/\/jatman.ee\/test\/wp-content\/uploads\/2024\/05\/marmiit-150x150.jpg 150w, https:\/\/jatman.ee\/test\/wp-content\/uploads\/2024\/05\/marmiit-100x100.jpg 100w\" sizes=\"(max-width: 150px) 100vw, 150px\" \/><\/div>\n\t\t\t\t\t<div class=\"wc-block-grid__product-title\">Marmiit<\/div>\n\t\t\t\t<\/a>\n\t\t\t\t<div class=\"wc-block-grid__product-price price\"><span class=\"woocommerce-Price-amount amount\"><span class=\"woocommerce-Price-currencySymbol\">&euro;<\/span>10.00<\/span><\/div>\n\t\t\t\t\n\t\t\t\t<div class=\"wp-block-button wc-block-grid__product-add-to-cart\"><a href=\"https:\/\/jatman.ee\/test\/pood\/marmiit\/\" aria-label=\"Loe l\u00e4hemalt &ldquo;Marmiit&rdquo; kohta\" data-quantity=\"1\" data-product_id=\"1809\" data-product_sku=\"\" data-price=\"10\" rel=\"nofollow\" class=\"wp-block-button__link  add_to_cart_button\">Loe rohkem<\/a><\/div>\n\t\t\t<\/li><li class=\"wc-block-grid__product\">\n\t\t\t\t<a href=\"https:\/\/jatman.ee\/test\/pood\/pesur\/\" class=\"wc-block-grid__product-link\">\n\t\t\t\t\t\n\t\t\t\t\t<div class=\"wc-block-grid__product-image\"><img decoding=\"async\" width=\"150\" height=\"150\" src=\"https:\/\/jatman.ee\/test\/wp-content\/uploads\/2024\/05\/pesur_1-150x150.jpg\" class=\"attachment-woocommerce_thumbnail size-woocommerce_thumbnail\" alt=\"Tekstiilipesur\" srcset=\"https:\/\/jatman.ee\/test\/wp-content\/uploads\/2024\/05\/pesur_1-150x150.jpg 150w, https:\/\/jatman.ee\/test\/wp-content\/uploads\/2024\/05\/pesur_1-100x100.jpg 100w, https:\/\/jatman.ee\/test\/wp-content\/uploads\/2024\/05\/pesur_1-300x300.jpg 300w, https:\/\/jatman.ee\/test\/wp-content\/uploads\/2024\/05\/pesur_1.jpg 500w\" sizes=\"(max-width: 150px) 100vw, 150px\" \/><\/div>\n\t\t\t\t\t<div class=\"wc-block-grid__product-title\">Tekstiilipesur<\/div>\n\t\t\t\t<\/a>\n\t\t\t\t<div class=\"wc-block-grid__product-price price\"><span class=\"woocommerce-Price-amount amount\"><span class=\"woocommerce-Price-currencySymbol\">&euro;<\/span>25.00<\/span><\/div>\n\t\t\t\t\n\t\t\t\t<div class=\"wp-block-button wc-block-grid__product-add-to-cart\"><a href=\"https:\/\/jatman.ee\/test\/pood\/pesur\/\" aria-label=\"Loe l\u00e4hemalt &ldquo;Tekstiilipesur&rdquo; kohta\" data-quantity=\"1\" data-product_id=\"1806\" data-product_sku=\"\" data-price=\"25\" rel=\"nofollow\" class=\"wp-block-button__link  add_to_cart_button\">Loe rohkem<\/a><\/div>\n\t\t\t<\/li><li class=\"wc-block-grid__product\">\n\t\t\t\t<a href=\"https:\/\/jatman.ee\/test\/pood\/telk\/\" class=\"wc-block-grid__product-link\">\n\t\t\t\t\t\n\t\t\t\t\t<div class=\"wc-block-grid__product-image\"><img decoding=\"async\" width=\"150\" height=\"150\" src=\"https:\/\/jatman.ee\/test\/wp-content\/uploads\/2024\/05\/telk_1-1-150x150.jpg\" class=\"attachment-woocommerce_thumbnail size-woocommerce_thumbnail\" alt=\"PopUp katusealune\" srcset=\"https:\/\/jatman.ee\/test\/wp-content\/uploads\/2024\/05\/telk_1-1-150x150.jpg 150w, https:\/\/jatman.ee\/test\/wp-content\/uploads\/2024\/05\/telk_1-1-100x100.jpg 100w, https:\/\/jatman.ee\/test\/wp-content\/uploads\/2024\/05\/telk_1-1-300x300.jpg 300w, https:\/\/jatman.ee\/test\/wp-content\/uploads\/2024\/05\/telk_1-1-1024x1024.jpg 1024w, https:\/\/jatman.ee\/test\/wp-content\/uploads\/2024\/05\/telk_1-1-768x768.jpg 768w, https:\/\/jatman.ee\/test\/wp-content\/uploads\/2024\/05\/telk_1-1.jpg 1500w\" sizes=\"(max-width: 150px) 100vw, 150px\" \/><\/div>\n\t\t\t\t\t<div class=\"wc-block-grid__product-title\">PopUp katusealune<\/div>\n\t\t\t\t<\/a>\n\t\t\t\t<div class=\"wc-block-grid__product-price price\"><span class=\"woocommerce-Price-amount amount\"><span class=\"woocommerce-Price-currencySymbol\">&euro;<\/span>50.00<\/span><\/div>\n\t\t\t\t\n\t\t\t\t<div class=\"wp-block-button wc-block-grid__product-add-to-cart\"><a href=\"https:\/\/jatman.ee\/test\/pood\/telk\/\" aria-label=\"Loe l\u00e4hemalt &ldquo;PopUp katusealune&rdquo; kohta\" data-quantity=\"1\" data-product_id=\"1803\" data-product_sku=\"\" data-price=\"50\" rel=\"nofollow\" class=\"wp-block-button__link  add_to_cart_button\">Loe rohkem<\/a><\/div>\n\t\t\t<\/li><li class=\"wc-block-grid__product\">\n\t\t\t\t<a href=\"https:\/\/jatman.ee\/test\/pood\/pikendusjuhe\/\" class=\"wc-block-grid__product-link\">\n\t\t\t\t\t\n\t\t\t\t\t<div class=\"wc-block-grid__product-image\"><img decoding=\"async\" width=\"150\" height=\"150\" src=\"https:\/\/jatman.ee\/test\/wp-content\/uploads\/2023\/06\/Pikendus_40m-150x150.jpg\" class=\"attachment-woocommerce_thumbnail size-woocommerce_thumbnail\" alt=\"Pikendusjuhe rullis 40m\" srcset=\"https:\/\/jatman.ee\/test\/wp-content\/uploads\/2023\/06\/Pikendus_40m-150x150.jpg 150w, https:\/\/jatman.ee\/test\/wp-content\/uploads\/2023\/06\/Pikendus_40m-100x100.jpg 100w, https:\/\/jatman.ee\/test\/wp-content\/uploads\/2023\/06\/Pikendus_40m-300x300.jpg 300w, https:\/\/jatman.ee\/test\/wp-content\/uploads\/2023\/06\/Pikendus_40m-768x768.jpg 768w, https:\/\/jatman.ee\/test\/wp-content\/uploads\/2023\/06\/Pikendus_40m.jpg 1000w\" sizes=\"(max-width: 150px) 100vw, 150px\" \/><\/div>\n\t\t\t\t\t<div class=\"wc-block-grid__product-title\">Pikendusjuhe rullis 40m<\/div>\n\t\t\t\t<\/a>\n\t\t\t\t<div class=\"wc-block-grid__product-price price\"><span class=\"woocommerce-Price-amount amount\"><span class=\"woocommerce-Price-currencySymbol\">&euro;<\/span>10.00<\/span><\/div>\n\t\t\t\t\n\t\t\t\t<div class=\"wp-block-button wc-block-grid__product-add-to-cart\"><a href=\"https:\/\/jatman.ee\/test\/pood\/pikendusjuhe\/\" aria-label=\"Loe l\u00e4hemalt &ldquo;Pikendusjuhe rullis 40m&rdquo; kohta\" data-quantity=\"1\" data-product_id=\"1665\" data-product_sku=\"\" data-price=\"10\" rel=\"nofollow\" class=\"wp-block-button__link  add_to_cart_button\">Loe rohkem<\/a><\/div>\n\t\t\t<\/li><li class=\"wc-block-grid__product\">\n\t\t\t\t<a href=\"https:\/\/jatman.ee\/test\/pood\/kokkupandav-laud\/\" class=\"wc-block-grid__product-link\">\n\t\t\t\t\t\n\t\t\t\t\t<div class=\"wc-block-grid__product-image\"><img decoding=\"async\" width=\"150\" height=\"150\" src=\"https:\/\/jatman.ee\/test\/wp-content\/uploads\/2023\/03\/Laud_kokkup-01_3-150x150.jpg\" class=\"attachment-woocommerce_thumbnail size-woocommerce_thumbnail\" alt=\"Kokkupandav laud\" srcset=\"https:\/\/jatman.ee\/test\/wp-content\/uploads\/2023\/03\/Laud_kokkup-01_3-150x150.jpg 150w, https:\/\/jatman.ee\/test\/wp-content\/uploads\/2023\/03\/Laud_kokkup-01_3-100x100.jpg 100w\" sizes=\"(max-width: 150px) 100vw, 150px\" \/><\/div>\n\t\t\t\t\t<div class=\"wc-block-grid__product-title\">Kokkupandav laud<\/div>\n\t\t\t\t<\/a>\n\t\t\t\t<div class=\"wc-block-grid__product-price price\"><span class=\"woocommerce-Price-amount amount\"><span class=\"woocommerce-Price-currencySymbol\">&euro;<\/span>10.00<\/span><\/div>\n\t\t\t\t\n\t\t\t\t<div class=\"wp-block-button wc-block-grid__product-add-to-cart\"><a href=\"https:\/\/jatman.ee\/test\/pood\/kokkupandav-laud\/\" aria-label=\"Loe l\u00e4hemalt &ldquo;Kokkupandav laud&rdquo; kohta\" data-quantity=\"1\" data-product_id=\"1605\" data-product_sku=\"\" data-price=\"10\" rel=\"nofollow\" class=\"wp-block-button__link  add_to_cart_button\">Loe rohkem<\/a><\/div>\n\t\t\t<\/li><li class=\"wc-block-grid__product\">\n\t\t\t\t<a href=\"https:\/\/jatman.ee\/test\/pood\/generaator-2000-w\/\" class=\"wc-block-grid__product-link\">\n\t\t\t\t\t\n\t\t\t\t\t<div class=\"wc-block-grid__product-image\"><img decoding=\"async\" width=\"150\" height=\"150\" src=\"https:\/\/jatman.ee\/test\/wp-content\/uploads\/2023\/03\/7013840-1-150x150.jpg\" class=\"attachment-woocommerce_thumbnail size-woocommerce_thumbnail\" alt=\"Generaator 2000 W\" srcset=\"https:\/\/jatman.ee\/test\/wp-content\/uploads\/2023\/03\/7013840-1-150x150.jpg 150w, https:\/\/jatman.ee\/test\/wp-content\/uploads\/2023\/03\/7013840-1-100x100.jpg 100w\" sizes=\"(max-width: 150px) 100vw, 150px\" \/><\/div>\n\t\t\t\t\t<div class=\"wc-block-grid__product-title\">Generaator 2000 W<\/div>\n\t\t\t\t<\/a>\n\t\t\t\t<div class=\"wc-block-grid__product-price price\"><span class=\"woocommerce-Price-amount amount\"><span class=\"woocommerce-Price-currencySymbol\">&euro;<\/span>30.00<\/span><\/div>\n\t\t\t\t\n\t\t\t\t<div class=\"wp-block-button wc-block-grid__product-add-to-cart\"><a href=\"https:\/\/jatman.ee\/test\/pood\/generaator-2000-w\/\" aria-label=\"Loe l\u00e4hemalt &ldquo;Generaator 2000 W&rdquo; kohta\" data-quantity=\"1\" data-product_id=\"1602\" data-product_sku=\"\" data-price=\"30\" rel=\"nofollow\" class=\"wp-block-button__link  add_to_cart_button\">Loe rohkem<\/a><\/div>\n\t\t\t<\/li><li class=\"wc-block-grid__product\">\n\t\t\t\t<a href=\"https:\/\/jatman.ee\/test\/pood\/peokolar-jbl-partybox-110\/\" class=\"wc-block-grid__product-link\">\n\t\t\t\t\t\n\t\t\t\t\t<div class=\"wc-block-grid__product-image\"><img decoding=\"async\" width=\"150\" height=\"150\" src=\"https:\/\/jatman.ee\/test\/wp-content\/uploads\/2023\/03\/JBLPARTYBOX110EU-5-150x150.jpg\" class=\"attachment-woocommerce_thumbnail size-woocommerce_thumbnail\" alt=\"* Rendihind: 25\u20ac\/24h! * V\u00f5imas JBL Original Pro Sound heli ( 160 W RMS ) * \u00dchendub telefoniga l\u00e4bi Bluetooth-i * D\u00fcnaamilised valgusefektid elavad koos muusikaga * Sedame kaal: 11kg.* * kaasas ka kaabel vooluv\u00f5rgust kasutamiseks \/ laadimiseks\" srcset=\"https:\/\/jatman.ee\/test\/wp-content\/uploads\/2023\/03\/JBLPARTYBOX110EU-5-150x150.jpg 150w, https:\/\/jatman.ee\/test\/wp-content\/uploads\/2023\/03\/JBLPARTYBOX110EU-5-100x100.jpg 100w, https:\/\/jatman.ee\/test\/wp-content\/uploads\/2023\/03\/JBLPARTYBOX110EU-5-300x300.jpg 300w, https:\/\/jatman.ee\/test\/wp-content\/uploads\/2023\/03\/JBLPARTYBOX110EU-5-768x768.jpg 768w, https:\/\/jatman.ee\/test\/wp-content\/uploads\/2023\/03\/JBLPARTYBOX110EU-5.jpg 800w\" sizes=\"(max-width: 150px) 100vw, 150px\" \/><\/div>\n\t\t\t\t\t<div class=\"wc-block-grid__product-title\">Peok\u00f5lar JBL PartyBox 110<\/div>\n\t\t\t\t<\/a>\n\t\t\t\t<div class=\"wc-block-grid__product-price price\"><span class=\"woocommerce-Price-amount amount\"><span class=\"woocommerce-Price-currencySymbol\">&euro;<\/span>25.00<\/span><\/div>\n\t\t\t\t\n\t\t\t\t<div class=\"wp-block-button wc-block-grid__product-add-to-cart\"><a href=\"https:\/\/jatman.ee\/test\/pood\/peokolar-jbl-partybox-110\/\" aria-label=\"Loe l\u00e4hemalt &ldquo;Peok\u00f5lar JBL PartyBox 110&rdquo; kohta\" data-quantity=\"1\" data-product_id=\"1596\" data-product_sku=\"\" data-price=\"25\" rel=\"nofollow\" class=\"wp-block-button__link  add_to_cart_button\">Loe rohkem<\/a><\/div>\n\t\t\t<\/li><li class=\"wc-block-grid__product\">\n\t\t\t\t<a href=\"https:\/\/jatman.ee\/test\/pood\/jaamasin\/\" class=\"wc-block-grid__product-link\">\n\t\t\t\t\t\n\t\t\t\t\t<div class=\"wc-block-grid__product-image\"><img decoding=\"async\" width=\"150\" height=\"150\" src=\"https:\/\/jatman.ee\/test\/wp-content\/uploads\/2023\/01\/Ice_15_800-150x150.jpg\" class=\"attachment-woocommerce_thumbnail size-woocommerce_thumbnail\" alt=\"J\u00e4\u00e4kuubikumasin\" srcset=\"https:\/\/jatman.ee\/test\/wp-content\/uploads\/2023\/01\/Ice_15_800-150x150.jpg 150w, https:\/\/jatman.ee\/test\/wp-content\/uploads\/2023\/01\/Ice_15_800-100x100.jpg 100w\" sizes=\"(max-width: 150px) 100vw, 150px\" \/><\/div>\n\t\t\t\t\t<div class=\"wc-block-grid__product-title\">J\u00e4\u00e4kuubikumasin<\/div>\n\t\t\t\t<\/a>\n\t\t\t\t<div class=\"wc-block-grid__product-price price\"><span class=\"woocommerce-Price-amount amount\"><span class=\"woocommerce-Price-currencySymbol\">&euro;<\/span>19.00<\/span><\/div>\n\t\t\t\t\n\t\t\t\t<div class=\"wp-block-button wc-block-grid__product-add-to-cart\"><a href=\"https:\/\/jatman.ee\/test\/pood\/jaamasin\/\" aria-label=\"Loe l\u00e4hemalt &ldquo;J\u00e4\u00e4kuubikumasin&rdquo; kohta\" data-quantity=\"1\" data-product_id=\"1108\" data-product_sku=\"\" data-price=\"19\" rel=\"nofollow\" class=\"wp-block-button__link  add_to_cart_button\">Loe rohkem<\/a><\/div>\n\t\t\t<\/li><\/ul><\/div>","protected":false},"excerpt":{"rendered":"","protected":false},"author":1,"featured_media":0,"parent":0,"menu_order":0,"comment_status":"closed","ping_status":"closed","template":"","meta":{"_exactmetrics_skip_tracking":false,"_exactmetrics_sitenote_active":false,"_exactmetrics_sitenote_note":"","_exactmetrics_sitenote_category":0,"footnotes":""},"class_list":["post-1623","page","type-page","status-publish","hentry"],"_links":{"self":[{"href":"https:\/\/jatman.ee\/test\/wp-json\/wp\/v2\/pages\/1623","targetHints":{"allow":["GET"]}}],"collection":[{"href":"https:\/\/jatman.ee\/test\/wp-json\/wp\/v2\/pages"}],"about":[{"href":"https:\/\/jatman.ee\/test\/wp-json\/wp\/v2\/types\/page"}],"author":[{"embeddable":true,"href":"https:\/\/jatman.ee\/test\/wp-json\/wp\/v2\/users\/1"}],"replies":[{"embeddable":true,"href":"https:\/\/jatman.ee\/test\/wp-json\/wp\/v2\/comments?post=1623"}],"version-history":[{"count":9,"href":"https:\/\/jatman.ee\/test\/wp-json\/wp\/v2\/pages\/1623\/revisions"}],"predecessor-version":[{"id":1881,"href":"https:\/\/jatman.ee\/test\/wp-json\/wp\/v2\/pages\/1623\/revisions\/1881"}],"wp:attachment":[{"href":"https:\/\/jatman.ee\/test\/wp-json\/wp\/v2\/media?parent=1623"}],"curies":[{"name":"wp","href":"https:\/\/api.w.org\/{rel}","templated":true}]}}