{"id":1625,"date":"2023-05-20T10:15:00","date_gmt":"2023-05-20T10:15:00","guid":{"rendered":"https:\/\/jatman.ee\/test\/?page_id=1625"},"modified":"2023-06-25T13:43:58","modified_gmt":"2023-06-25T13:43:58","slug":"jaamasinad","status":"publish","type":"page","link":"https:\/\/jatman.ee\/test\/jaamasinad\/","title":{"rendered":"J\u00e4\u00e4masinad"},"content":{"rendered":"<div data-block-name=\"woocommerce\/handpicked-products\" data-products=\"[1108,1104]\" class=\"wc-block-grid wp-block-handpicked-products wp-block-woocommerce-handpicked-products wc-block-handpicked-products has-3-columns has-multiple-rows\"><ul class=\"wc-block-grid__products\"><li class=\"wc-block-grid__product\">\n\t\t\t\t<a href=\"https:\/\/jatman.ee\/test\/pood\/jaamasin\/\" class=\"wc-block-grid__product-link\">\n\t\t\t\t\t\n\t\t\t\t\t<div class=\"wc-block-grid__product-image\"><img decoding=\"async\" width=\"150\" height=\"150\" src=\"https:\/\/jatman.ee\/test\/wp-content\/uploads\/2023\/01\/Ice_15_800-150x150.jpg\" class=\"attachment-woocommerce_thumbnail size-woocommerce_thumbnail\" alt=\"J\u00e4\u00e4kuubikumasin\" srcset=\"https:\/\/jatman.ee\/test\/wp-content\/uploads\/2023\/01\/Ice_15_800-150x150.jpg 150w, https:\/\/jatman.ee\/test\/wp-content\/uploads\/2023\/01\/Ice_15_800-100x100.jpg 100w\" sizes=\"(max-width: 150px) 100vw, 150px\" \/><\/div>\n\t\t\t\t\t<div class=\"wc-block-grid__product-title\">J\u00e4\u00e4kuubikumasin<\/div>\n\t\t\t\t<\/a>\n\t\t\t\t<div class=\"wc-block-grid__product-price price\"><span class=\"woocommerce-Price-amount amount\"><span class=\"woocommerce-Price-currencySymbol\">&euro;<\/span>19.00<\/span><\/div>\n\t\t\t\t\n\t\t\t\t<div class=\"wp-block-button wc-block-grid__product-add-to-cart\"><a href=\"https:\/\/jatman.ee\/test\/pood\/jaamasin\/\" aria-label=\"Loe l\u00e4hemalt &ldquo;J\u00e4\u00e4kuubikumasin&rdquo; kohta\" data-quantity=\"1\" data-product_id=\"1108\" data-product_sku=\"\" data-price=\"19\" rel=\"nofollow\" class=\"wp-block-button__link  add_to_cart_button\">Loe rohkem<\/a><\/div>\n\t\t\t<\/li><li class=\"wc-block-grid__product\">\n\t\t\t\t<a href=\"https:\/\/jatman.ee\/test\/pood\/jaamasindeluxe\/\" class=\"wc-block-grid__product-link\">\n\t\t\t\t\t\n\t\t\t\t\t<div class=\"wc-block-grid__product-image\"><img decoding=\"async\" width=\"150\" height=\"150\" src=\"https:\/\/jatman.ee\/test\/wp-content\/uploads\/2023\/01\/Icemachine_-150x150.jpg\" class=\"attachment-woocommerce_thumbnail size-woocommerce_thumbnail\" alt=\"J\u00e4\u00e4kuubikumasin Deluxe\" srcset=\"https:\/\/jatman.ee\/test\/wp-content\/uploads\/2023\/01\/Icemachine_-150x150.jpg 150w, https:\/\/jatman.ee\/test\/wp-content\/uploads\/2023\/01\/Icemachine_-100x100.jpg 100w, https:\/\/jatman.ee\/test\/wp-content\/uploads\/2023\/01\/Icemachine_-300x300.jpg 300w, https:\/\/jatman.ee\/test\/wp-content\/uploads\/2023\/01\/Icemachine_.jpg 545w\" sizes=\"(max-width: 150px) 100vw, 150px\" \/><\/div>\n\t\t\t\t\t<div class=\"wc-block-grid__product-title\">J\u00e4\u00e4kuubikumasin Deluxe<\/div>\n\t\t\t\t<\/a>\n\t\t\t\t<div class=\"wc-block-grid__product-price price\"><span class=\"woocommerce-Price-amount amount\"><span class=\"woocommerce-Price-currencySymbol\">&euro;<\/span>25.00<\/span><\/div>\n\t\t\t\t\n\t\t\t\t<div class=\"wp-block-button wc-block-grid__product-add-to-cart\"><a href=\"https:\/\/jatman.ee\/test\/pood\/jaamasindeluxe\/\" aria-label=\"Loe l\u00e4hemalt &ldquo;J\u00e4\u00e4kuubikumasin Deluxe&rdquo; kohta\" data-quantity=\"1\" data-product_id=\"1104\" data-product_sku=\"\" data-price=\"25\" rel=\"nofollow\" class=\"wp-block-button__link  add_to_cart_button\">Loe rohkem<\/a><\/div>\n\t\t\t<\/li><\/ul><\/div>","protected":false},"excerpt":{"rendered":"","protected":false},"author":1,"featured_media":0,"parent":0,"menu_order":0,"comment_status":"closed","ping_status":"closed","template":"","meta":{"_exactmetrics_skip_tracking":false,"_exactmetrics_sitenote_active":false,"_exactmetrics_sitenote_note":"","_exactmetrics_sitenote_category":0,"footnotes":""},"class_list":["post-1625","page","type-page","status-publish","hentry"],"_links":{"self":[{"href":"https:\/\/jatman.ee\/test\/wp-json\/wp\/v2\/pages\/1625","targetHints":{"allow":["GET"]}}],"collection":[{"href":"https:\/\/jatman.ee\/test\/wp-json\/wp\/v2\/pages"}],"about":[{"href":"https:\/\/jatman.ee\/test\/wp-json\/wp\/v2\/types\/page"}],"author":[{"embeddable":true,"href":"https:\/\/jatman.ee\/test\/wp-json\/wp\/v2\/users\/1"}],"replies":[{"embeddable":true,"href":"https:\/\/jatman.ee\/test\/wp-json\/wp\/v2\/comments?post=1625"}],"version-history":[{"count":1,"href":"https:\/\/jatman.ee\/test\/wp-json\/wp\/v2\/pages\/1625\/revisions"}],"predecessor-version":[{"id":1628,"href":"https:\/\/jatman.ee\/test\/wp-json\/wp\/v2\/pages\/1625\/revisions\/1628"}],"wp:attachment":[{"href":"https:\/\/jatman.ee\/test\/wp-json\/wp\/v2\/media?parent=1625"}],"curies":[{"name":"wp","href":"https:\/\/api.w.org\/{rel}","templated":true}]}}