{"id":1108,"date":"2023-01-07T18:36:13","date_gmt":"2023-01-07T18:36:13","guid":{"rendered":"https:\/\/jatman.ee\/test\/?post_type=product&#038;p=1108"},"modified":"2025-05-23T16:57:14","modified_gmt":"2025-05-23T16:57:14","slug":"jaamasin","status":"publish","type":"product","link":"https:\/\/jatman.ee\/test\/pood\/jaamasin\/","title":{"rendered":"J\u00e4\u00e4kuubikumasin"},"content":{"rendered":"","protected":false},"excerpt":{"rendered":"<div class=\"\" data-block=\"true\" data-editor=\"19tpq\" data-offset-key=\"8m9bq-0-0\">\n<div class=\"\" data-block=\"true\" data-editor=\"19tpq\" data-offset-key=\"64oar-0-0\">\n<div class=\"_1mf _1mj\" data-offset-key=\"64oar-0-0\">\n<div class=\"kvgmc6g5 cxmmr5t8 oygrvhab hcukyx3x c1et5uql ii04i59q\">\n<div dir=\"auto\">\n<div class=\"\" data-block=\"true\" data-editor=\"19tpq\" data-offset-key=\"8m9bq-0-0\">\n<div class=\"\" data-block=\"true\" data-editor=\"19tpq\" data-offset-key=\"64oar-0-0\">\n<div class=\"_1mf _1mj\" data-offset-key=\"64oar-0-0\">\n<div class=\"kvgmc6g5 cxmmr5t8 oygrvhab hcukyx3x c1et5uql ii04i59q\">\n<div dir=\"auto\">\n<p><strong>Lihtsalt kasutatav kompaktne j\u00e4\u00e4kuubikumasin, mis ei vaja \u00fchendamist vees\u00fcsteemiga!<\/strong><\/p>\n<p>* Rendihind: 19\u20ac\/24h!<br \/>\n* Tootlikus 15kg j\u00e4\u00e4d \u00f6\u00f6p\u00e4evas, 12 kuubikut ts\u00fcklis (\u00fcks ts\u00fckkel kestab ca 6 minutit), ca 650g j\u00e4\u00e4d tunnis.<br \/>\n*\u00a0 Sedame kaal: 19kg. Valmis kuubikute mahuti 1,5kg kuubikuid. Veepaak ca 2 liitrit.<br \/>\n* Soovitame masina sisse l\u00fclitada v\u00e4hemalt 1h-1.5h enne j\u00e4\u00e4 tarbimist, siis on masinas olemas juba piisav kogus valmis j\u00e4\u00e4d.<\/p>\n<p><strong>Hind: 19\u20ac\/24h<br \/>\n<\/strong><em>* Rendihind sisaldab j\u00e4\u00e4masina renti 24h<\/em><\/p>\n<p>Broneerimiseks saada meile <a href=\"https:\/\/jatman.ee\/test\/paring\/\">P\u00c4RING<\/a><\/p>\n<p><strong>Kui Sa soovid ka purustatud j\u00e4\u00e4d, vali<a href=\"https:\/\/jatman.ee\/test\/pood\/jaamasindeluxe\/\"> J\u00e4\u00e4kuubikumasin Deluxe!<\/a><br \/>\n<a href=\"https:\/\/jatman.ee\/test\/pood\/jaamasindeluxe\/\"><img decoding=\"async\" class=\"alignnone wp-image-1111\" src=\"https:\/\/jatman.ee\/test\/wp-content\/uploads\/2023\/01\/Icemachine_.jpg\" alt=\"\" width=\"351\" height=\"351\" srcset=\"https:\/\/jatman.ee\/test\/wp-content\/uploads\/2023\/01\/Icemachine_.jpg 545w, https:\/\/jatman.ee\/test\/wp-content\/uploads\/2023\/01\/Icemachine_-150x150.jpg 150w, https:\/\/jatman.ee\/test\/wp-content\/uploads\/2023\/01\/Icemachine_-100x100.jpg 100w, https:\/\/jatman.ee\/test\/wp-content\/uploads\/2023\/01\/Icemachine_-300x300.jpg 300w\" sizes=\"(max-width: 351px) 100vw, 351px\" \/><\/a><\/strong><\/p>\n<p><strong>Vajate transporti?<\/strong><br \/>\nSaame soovi korral tuua Teile masinad peokohta kohale! Transpordi hind s\u00f5ltub Teie asukohast. T\u00e4pse hinna saate kui kirjutate meile oma aadressi, kuhu masinaid soovite saada.<br \/>\nMiinimumhind on 25\u20ac (v.a. Loo) ning ligikaudse hinna saate soovi korral ise v\u00e4lja arvestada korrutades kilometraa\u017ei 1.6-ga.<strong style=\"font-size: 0.875rem;\"><strong><br \/>\n<\/strong><\/strong><\/p>\n<\/div>\n<\/div>\n<\/div>\n<\/div>\n<\/div>\n<\/div>\n<\/div>\n<\/div>\n<\/div>\n<\/div>\n","protected":false},"featured_media":1109,"template":"","meta":{"_exactmetrics_skip_tracking":false,"_exactmetrics_sitenote_active":false,"_exactmetrics_sitenote_note":"","_exactmetrics_sitenote_category":0},"product_brand":[],"product_cat":[50],"product_tag":[],"class_list":{"0":"post-1108","1":"product","2":"type-product","3":"status-publish","4":"has-post-thumbnail","6":"product_cat-jatman-jaatised","8":"first","9":"outofstock","10":"taxable","11":"shipping-taxable","12":"purchasable","13":"product-type-simple"},"_links":{"self":[{"href":"https:\/\/jatman.ee\/test\/wp-json\/wp\/v2\/product\/1108","targetHints":{"allow":["GET"]}}],"collection":[{"href":"https:\/\/jatman.ee\/test\/wp-json\/wp\/v2\/product"}],"about":[{"href":"https:\/\/jatman.ee\/test\/wp-json\/wp\/v2\/types\/product"}],"wp:featuredmedia":[{"embeddable":true,"href":"https:\/\/jatman.ee\/test\/wp-json\/wp\/v2\/media\/1109"}],"wp:attachment":[{"href":"https:\/\/jatman.ee\/test\/wp-json\/wp\/v2\/media?parent=1108"}],"wp:term":[{"taxonomy":"product_brand","embeddable":true,"href":"https:\/\/jatman.ee\/test\/wp-json\/wp\/v2\/product_brand?post=1108"},{"taxonomy":"product_cat","embeddable":true,"href":"https:\/\/jatman.ee\/test\/wp-json\/wp\/v2\/product_cat?post=1108"},{"taxonomy":"product_tag","embeddable":true,"href":"https:\/\/jatman.ee\/test\/wp-json\/wp\/v2\/product_tag?post=1108"}],"curies":[{"name":"wp","href":"https:\/\/api.w.org\/{rel}","templated":true}]}}