{"id":1115,"date":"2023-01-07T19:48:32","date_gmt":"2023-01-07T19:48:32","guid":{"rendered":"https:\/\/jatman.ee\/test\/?post_type=product&#038;p=1115"},"modified":"2025-05-23T17:09:37","modified_gmt":"2025-05-23T17:09:37","slug":"suhkruvatimasin","status":"publish","type":"product","link":"https:\/\/jatman.ee\/test\/pood\/suhkruvatimasin\/","title":{"rendered":"Suhkruvatimasin"},"content":{"rendered":"","protected":false},"excerpt":{"rendered":"<div class=\"\" data-block=\"true\" data-editor=\"19tpq\" data-offset-key=\"8m9bq-0-0\">\n<div class=\"\" data-block=\"true\" data-editor=\"19tpq\" data-offset-key=\"64oar-0-0\">\n<div class=\"_1mf _1mj\" data-offset-key=\"64oar-0-0\">\n<div class=\"kvgmc6g5 cxmmr5t8 oygrvhab hcukyx3x c1et5uql ii04i59q\">\n<div dir=\"auto\">\n<div class=\"\" data-block=\"true\" data-editor=\"19tpq\" data-offset-key=\"64oar-0-0\">\n<div class=\"_1mf _1mj\" data-offset-key=\"64oar-0-0\">\n<div class=\"kvgmc6g5 cxmmr5t8 oygrvhab hcukyx3x c1et5uql ii04i59q\">\n<div dir=\"auto\">\n<p><strong>Suhkruvatt on laste vaieldamatu lemmik, mis paneb silmad s\u00e4rama nii suurtel kui v\u00e4ikestel! Lisamugavusena on v\u00f5imalik rentida kaitsekuppel, mis v\u00f5imaldab masinat ohutult kasutadal!<\/strong><\/p>\n<p>* Rendihind alates 50\u20ac\/ p\u00e4ev<br \/>\n* Rendihind sisaldab suhkruvatimasina renti koos 500gr maitsesuhkru ja 25 pulgaga.<br \/>\n* 1 kg suhkrust saab ca 40-50 suhkruvati portsu, 250g saab ca 12-13 portsu suhkruvatti.<br \/>\n* Suhkru kogus \u00fches suhkruvatis on ca 20g, mis on umbes 2 korda v\u00e4hem kui 0,5l limonaadis!<br \/>\n* Valmistada saab erineva v\u00e4rvi ja maitsega suhkruvatti. Selleks on v\u00f5imalik osta meilt spetsiaalseid v\u00e4rvilisi maitsesuhkruid.<br \/>\n* Tellimust esitades vali \u00fcks maitse: arbuus (roosa), cola (pruun), n\u00e4tsumaitseline (sinine), \u00f5un (roheline), maasikas (roosa), karamell (kreemikas)<br \/>\n* Voolutarve 1000 W<br \/>\n* Enne kasutamist tutvuge <a href=\"https:\/\/www.youtube.com\/watch?v=a1q0wiFLmF8\">kasutusjuhendiga<\/a>!<\/p>\n<div class=\"\" data-block=\"true\" data-editor=\"19tpq\" data-offset-key=\"64oar-0-0\">\n<div class=\"_1mf _1mj\" data-offset-key=\"64oar-0-0\">\n<div class=\"kvgmc6g5 cxmmr5t8 oygrvhab hcukyx3x c1et5uql ii04i59q\">\n<div dir=\"auto\">\n<p><strong>Hinnakiri: 50\u20ac\/ p\u00e4ev<br \/>\n<\/strong><em>* Rendihind sisaldab suhkruvatimasina renti koos 500gr v\u00e4rvilise maitsesuhkru ning 25 pulgaga.<\/em><\/p>\n<p><strong>Lisaks on v\u00f5imalik osta:<\/strong><br \/>\n* maitsesuhkur 250gr\/7.00\u20ac<br \/>\n&#8211; arbuus (roosa)<br \/>\n&#8211; cola (pruun)<br \/>\n&#8211; n\u00e4tsumaitseline (sinine)<br \/>\n&#8211; \u00f5un (roheline), maasikas (roosa)<br \/>\n&#8211; karamell (kreemikas)<br \/>\n* pulgad 15tk\/3.00\u20ac<\/p>\n<hr \/>\n<p><span style=\"color: #388e3c;\"><strong>Broneerimiseks saada meile<\/strong>\u00a0<strong><a style=\"color: #388e3c;\" href=\"https:\/\/jatman.ee\/test\/paring\/\">P\u00c4RING<\/a><\/strong><\/span><\/p>\n<\/div>\n<\/div>\n<\/div>\n<\/div>\n<\/div>\n<\/div>\n<\/div>\n<\/div>\n<div class=\"\" data-block=\"true\" data-editor=\"19tpq\" data-offset-key=\"dfjcv-0-0\">\n<div class=\"_1mf _1mj\" data-offset-key=\"dfjcv-0-0\">\n<div class=\"o9v6fnle cxmmr5t8 oygrvhab hcukyx3x c1et5uql ii04i59q\">\n<div dir=\"auto\">\n<hr \/>\n<p><strong>Vajate transporti?<\/strong><br \/>\nSaame soovi korral tuua Teile masinad peokohta kohale! Transpordi hind s\u00f5ltub Teie asukohast. T\u00e4pse hinna saate kui kirjutate meile oma aadressi, kuhu masinaid soovite saada.<br \/>\nMiinimumhind on 25\u20ac (v.a. Loo) ning ligikaudse hinna saate soovi korral ise v\u00e4lja arvestada korrutades kilometraa\u017ei 1.6-ga.<\/p>\n<\/div>\n<\/div>\n<\/div>\n<\/div>\n<\/div>\n<\/div>\n<\/div>\n<\/div>\n<\/div>\n","protected":false},"featured_media":1167,"template":"","meta":{"_exactmetrics_skip_tracking":false,"_exactmetrics_sitenote_active":false,"_exactmetrics_sitenote_note":"","_exactmetrics_sitenote_category":0},"product_brand":[],"product_cat":[50],"product_tag":[],"class_list":{"0":"post-1115","1":"product","2":"type-product","3":"status-publish","4":"has-post-thumbnail","6":"product_cat-jatman-jaatised","8":"first","9":"outofstock","10":"taxable","11":"shipping-taxable","12":"purchasable","13":"product-type-simple"},"_links":{"self":[{"href":"https:\/\/jatman.ee\/test\/wp-json\/wp\/v2\/product\/1115","targetHints":{"allow":["GET"]}}],"collection":[{"href":"https:\/\/jatman.ee\/test\/wp-json\/wp\/v2\/product"}],"about":[{"href":"https:\/\/jatman.ee\/test\/wp-json\/wp\/v2\/types\/product"}],"wp:featuredmedia":[{"embeddable":true,"href":"https:\/\/jatman.ee\/test\/wp-json\/wp\/v2\/media\/1167"}],"wp:attachment":[{"href":"https:\/\/jatman.ee\/test\/wp-json\/wp\/v2\/media?parent=1115"}],"wp:term":[{"taxonomy":"product_brand","embeddable":true,"href":"https:\/\/jatman.ee\/test\/wp-json\/wp\/v2\/product_brand?post=1115"},{"taxonomy":"product_cat","embeddable":true,"href":"https:\/\/jatman.ee\/test\/wp-json\/wp\/v2\/product_cat?post=1115"},{"taxonomy":"product_tag","embeddable":true,"href":"https:\/\/jatman.ee\/test\/wp-json\/wp\/v2\/product_tag?post=1115"}],"curies":[{"name":"wp","href":"https:\/\/api.w.org\/{rel}","templated":true}]}}