{"id":1596,"date":"2023-03-20T16:44:21","date_gmt":"2023-03-20T16:44:21","guid":{"rendered":"https:\/\/jatman.ee\/test\/?post_type=product&#038;p=1596"},"modified":"2023-09-21T13:34:24","modified_gmt":"2023-09-21T13:34:24","slug":"peokolar-jbl-partybox-110","status":"publish","type":"product","link":"https:\/\/jatman.ee\/test\/pood\/peokolar-jbl-partybox-110\/","title":{"rendered":"Peok\u00f5lar JBL PartyBox 110"},"content":{"rendered":"","protected":false},"excerpt":{"rendered":"<div class=\"\" data-block=\"true\" data-editor=\"19tpq\" data-offset-key=\"8m9bq-0-0\">\n<div class=\"\" data-block=\"true\" data-editor=\"19tpq\" data-offset-key=\"64oar-0-0\">\n<div class=\"_1mf _1mj\" data-offset-key=\"64oar-0-0\">\n<div class=\"kvgmc6g5 cxmmr5t8 oygrvhab hcukyx3x c1et5uql ii04i59q\">\n<div dir=\"auto\">\n<div class=\"\" data-block=\"true\" data-editor=\"19tpq\" data-offset-key=\"8m9bq-0-0\">\n<div class=\"\" data-block=\"true\" data-editor=\"19tpq\" data-offset-key=\"64oar-0-0\">\n<div class=\"_1mf _1mj\" data-offset-key=\"64oar-0-0\">\n<div class=\"kvgmc6g5 cxmmr5t8 oygrvhab hcukyx3x c1et5uql ii04i59q\">\n<div dir=\"auto\">\n<p><strong>Koosviibimine organiseeritud, aga selgus, et muusika on puudu ? \u00c4ra muretse! Rendi meilt akuga v\u00f5imas peok\u00f5lar JBL PartyBox 110 ning koge t\u00f5eliselt suurep\u00e4rast helikogemust s\u00f5ltumata sellest, kas oled kodus, peol v\u00f5i romantilisel l\u00f5kke\u00f5htul. JBL PartyBox 110 ei vea Sind alt, sest selle sisseehitatud 36 wH aku v\u00f5imaldab k\u00f5larit kasutada kuni 12 tundi. Erksad valgusefektid, Bluetooth \u00fchildavus ja k\u00f5lari akupangana kasutamine on vaid m\u00f5ned PartyBox 110 fantastilised omadused.\u00a0<\/strong><\/p>\n<p>* Rendihind: 25\u20ac\/24h!<br \/>\n* V\u00f5imas JBL Original Pro Sound heli ( 160 W RMS )<br \/>\n* \u00dchendub telefoniga l\u00e4bi Bluetooth-i<br \/>\n* D\u00fcnaamilised valgusefektid elavad koos muusikaga<br \/>\n* Seadme kaal: 11kg.<br \/>\n* Kaasas ka kaabel vooluv\u00f5rgust kasutamiseks \/ laadimiseks<\/p>\n<p><strong>Hind: 25\u20ac\/24h<br \/>\n<\/strong><em><span style=\"font-size: 0.775rem;\">* Rendihind sisaldab peok\u00f5lari renti 24h<\/span><\/em><\/p>\n<p>Broneerimiseks saada meile <strong><a href=\"mailto:telli@jatman.ee\">KIRI<\/a><\/strong><\/p>\n<p><strong>Vajate transporti?<\/strong> Saame soovi korral tuua Teile masinad peokohta kohale! Transpordi hind s\u00f5ltub Teie asukohast. T\u00e4pse hinna saate kui kirjutate meile oma aadressi, kuhu masinaid soovite saada. Miinimumhind on 25\u20ac (v.a. Loo) ning ligikaudse hinna saate soovi korral ise v\u00e4lja arvestada korrutades kilometraa\u017ei 1.6-ga.<strong style=\"font-size: 0.875rem;\"><strong><br \/>\n<\/strong><\/strong><\/p>\n<\/div>\n<\/div>\n<\/div>\n<\/div>\n<\/div>\n<\/div>\n<\/div>\n<\/div>\n<\/div>\n<\/div>\n","protected":false},"featured_media":1601,"template":"","meta":{"_exactmetrics_skip_tracking":false,"_exactmetrics_sitenote_active":false,"_exactmetrics_sitenote_note":"","_exactmetrics_sitenote_category":0},"product_brand":[],"product_cat":[50],"product_tag":[],"class_list":{"0":"post-1596","1":"product","2":"type-product","3":"status-publish","4":"has-post-thumbnail","6":"product_cat-jatman-jaatised","8":"first","9":"outofstock","10":"taxable","11":"shipping-taxable","12":"purchasable","13":"product-type-simple"},"_links":{"self":[{"href":"https:\/\/jatman.ee\/test\/wp-json\/wp\/v2\/product\/1596","targetHints":{"allow":["GET"]}}],"collection":[{"href":"https:\/\/jatman.ee\/test\/wp-json\/wp\/v2\/product"}],"about":[{"href":"https:\/\/jatman.ee\/test\/wp-json\/wp\/v2\/types\/product"}],"wp:featuredmedia":[{"embeddable":true,"href":"https:\/\/jatman.ee\/test\/wp-json\/wp\/v2\/media\/1601"}],"wp:attachment":[{"href":"https:\/\/jatman.ee\/test\/wp-json\/wp\/v2\/media?parent=1596"}],"wp:term":[{"taxonomy":"product_brand","embeddable":true,"href":"https:\/\/jatman.ee\/test\/wp-json\/wp\/v2\/product_brand?post=1596"},{"taxonomy":"product_cat","embeddable":true,"href":"https:\/\/jatman.ee\/test\/wp-json\/wp\/v2\/product_cat?post=1596"},{"taxonomy":"product_tag","embeddable":true,"href":"https:\/\/jatman.ee\/test\/wp-json\/wp\/v2\/product_tag?post=1596"}],"curies":[{"name":"wp","href":"https:\/\/api.w.org\/{rel}","templated":true}]}}