{"id":1602,"date":"2023-03-20T17:06:49","date_gmt":"2023-03-20T17:06:49","guid":{"rendered":"https:\/\/jatman.ee\/test\/?post_type=product&#038;p=1602"},"modified":"2024-05-27T08:33:36","modified_gmt":"2024-05-27T08:33:36","slug":"generaator-2000-w","status":"publish","type":"product","link":"https:\/\/jatman.ee\/test\/pood\/generaator-2000-w\/","title":{"rendered":"Generaator 2000 W"},"content":{"rendered":"","protected":false},"excerpt":{"rendered":"<div class=\"\" data-block=\"true\" data-editor=\"19tpq\" data-offset-key=\"8m9bq-0-0\">\n<div class=\"\" data-block=\"true\" data-editor=\"19tpq\" data-offset-key=\"64oar-0-0\">\n<div class=\"_1mf _1mj\" data-offset-key=\"64oar-0-0\">\n<div class=\"kvgmc6g5 cxmmr5t8 oygrvhab hcukyx3x c1et5uql ii04i59q\">\n<div dir=\"auto\">\n<div class=\"\" data-block=\"true\" data-editor=\"19tpq\" data-offset-key=\"8m9bq-0-0\">\n<div class=\"\" data-block=\"true\" data-editor=\"19tpq\" data-offset-key=\"64oar-0-0\">\n<div class=\"_1mf _1mj\" data-offset-key=\"64oar-0-0\">\n<div class=\"kvgmc6g5 cxmmr5t8 oygrvhab hcukyx3x c1et5uql ii04i59q\">\n<div dir=\"auto\">\n<p><strong>Pidu on organiseeritud, aga selgus, et pole piisavalt s\u00e4rtsu? \u00c4ra muretse! Rendi meilt usaldusv\u00e4\u00e4rne voolugeneraator, mis m\u00f5eldud ka tundlikele seadmetele nagu j\u00e4\u00e4tisemasin, nutitelefon v\u00f5i arvuti. <\/strong><\/p>\n<p><strong>Sobib ideaalselt toiteks kuni kahele meie j\u00e4\u00e4tisemasinale! Korralda pidu kasv\u00f5i maailma otsas!<\/strong><\/p>\n<p>\u2022 Rendihind: 30\u20ac\/24h!<br \/>\n\u2022 Pidev v\u00f5imsus 1800 W, tippv\u00f5imsus 2000 W<br \/>\n\u2022 K\u00fctusepaagi maht 10 liitrit, kulu ca 1.8l\/h<br \/>\n\u2022 M\u00fcratase 96 dBA<br \/>\n\u2022 T\u00f5mbek\u00e4ivitusega<br \/>\n\u2022 V\u00e4ljundid 2 x 230 V<br \/>\n\u2022 Kaal 21,5 kg<\/p>\n<p><strong>Hind: 30\u20ac\/24h<br \/>\n<\/strong><em><span style=\"font-size: 0.775rem;\">* Rendihind sisaldab generaatori renti 24h<\/span><\/em><\/p>\n<\/div>\n<p>Soovitame kaasa rentida ka juurde sobiva 40m pikendusjuhtme, et generaatori saaks peo seltskonnast piisavalt kaugele paigaldada.<\/p>\n<p>Vajadusel pakume ka t\u00e4islahendust &#8211; 10L kanister koos bensiiniga ning pikendusjuhtmega. K\u00fcsi lisa!<\/p>\n<div dir=\"auto\">\n<p>Broneerimiseks saada meile <strong><a href=\"mailto:telli@jatman.ee\">KIRI<\/a><\/strong><\/p>\n<p><strong>Vajate transporti?<\/strong> Saame soovi korral tuua Teile masinad peokohta kohale! Transpordi hind s\u00f5ltub Teie asukohast. T\u00e4pse hinna saate kui kirjutate meile oma aadressi, kuhu masinaid soovite saada. Miinimumhind on 25\u20ac (v.a. Loo) ning ligikaudse hinna saate soovi korral ise v\u00e4lja arvestada korrutades kilometraa\u017ei 1.6-ga.<strong style=\"font-size: 0.875rem;\"><strong><br \/>\n<\/strong><\/strong><\/p>\n<\/div>\n<\/div>\n<\/div>\n<\/div>\n<\/div>\n<\/div>\n<\/div>\n<\/div>\n<\/div>\n<\/div>\n","protected":false},"featured_media":1604,"template":"","meta":{"_exactmetrics_skip_tracking":false,"_exactmetrics_sitenote_active":false,"_exactmetrics_sitenote_note":"","_exactmetrics_sitenote_category":0},"product_brand":[],"product_cat":[50],"product_tag":[],"class_list":{"0":"post-1602","1":"product","2":"type-product","3":"status-publish","4":"has-post-thumbnail","6":"product_cat-jatman-jaatised","8":"first","9":"outofstock","10":"taxable","11":"shipping-taxable","12":"purchasable","13":"product-type-simple"},"_links":{"self":[{"href":"https:\/\/jatman.ee\/test\/wp-json\/wp\/v2\/product\/1602","targetHints":{"allow":["GET"]}}],"collection":[{"href":"https:\/\/jatman.ee\/test\/wp-json\/wp\/v2\/product"}],"about":[{"href":"https:\/\/jatman.ee\/test\/wp-json\/wp\/v2\/types\/product"}],"wp:featuredmedia":[{"embeddable":true,"href":"https:\/\/jatman.ee\/test\/wp-json\/wp\/v2\/media\/1604"}],"wp:attachment":[{"href":"https:\/\/jatman.ee\/test\/wp-json\/wp\/v2\/media?parent=1602"}],"wp:term":[{"taxonomy":"product_brand","embeddable":true,"href":"https:\/\/jatman.ee\/test\/wp-json\/wp\/v2\/product_brand?post=1602"},{"taxonomy":"product_cat","embeddable":true,"href":"https:\/\/jatman.ee\/test\/wp-json\/wp\/v2\/product_cat?post=1602"},{"taxonomy":"product_tag","embeddable":true,"href":"https:\/\/jatman.ee\/test\/wp-json\/wp\/v2\/product_tag?post=1602"}],"curies":[{"name":"wp","href":"https:\/\/api.w.org\/{rel}","templated":true}]}}