{"id":1692,"date":"2023-07-17T13:04:09","date_gmt":"2023-07-17T13:04:09","guid":{"rendered":"https:\/\/jatman.ee\/test\/?post_type=product&#038;p=1692"},"modified":"2023-10-05T09:40:08","modified_gmt":"2023-10-05T09:40:08","slug":"pehme-jaatise-segud","status":"publish","type":"product","link":"https:\/\/jatman.ee\/test\/epood\/","title":{"rendered":"E-pood"},"content":{"rendered":"","protected":false},"excerpt":{"rendered":"<h4><strong data-rich-text-format-boundary=\"true\">UUDIS!<\/strong><\/h4>\n<p><a href=\"https:\/\/jatman.ee\/test\/epood\"><strong>Meie e-poes n\u00fc\u00fcd saadaval<\/strong> <strong>pehme j\u00e4\u00e4tise segud otse Itaaliast!\u00a0<\/strong><\/a><\/p>\n<p>Meie valikusse kuuluvad kvaliteetsed Rubicone tooted.<\/p>\n<p><strong>PEHME J\u00c4\u00c4TISE SEGUD<\/strong><br \/>\n\u2724 <a href=\"https:\/\/jatman.ee\/test\/epood\/vanilje\/\">Klassikaline vanilje 1.5kg\/pakk<\/a> (11.17\u20ac\/kg)<br \/>\n\u2724 <a href=\"https:\/\/jatman.ee\/test\/epood\/ameerika\/\">Ekstra koorene Ameerika vanilje<\/a> 2kg\/pakk (12.05\u20ac\/kg)<br \/>\n\u2724 <a href=\"https:\/\/jatman.ee\/test\/epood\/vegan\/\">Vanilje (vegan)<\/a> (12.84\u20ac\/kg)<br \/>\n\u2724 <a href=\"https:\/\/jatman.ee\/test\/epood\/sokolaadi\/\">Klassikaline \u0161okolaad (piimaga valmistamiseks)<\/a> (12.80\u20ac\/kg)<br \/>\n\u2724 <a href=\"https:\/\/jatman.ee\/test\/epood\/sokolaadiveega\/\">Klassikaline \u0161okolaad (veega\u00a0 valmistamiseks)<\/a> \u00a0(11.75\u20ac\/kg)<br \/>\n\u2724 <a href=\"https:\/\/jatman.ee\/test\/epood\/rummisokolaadi\/\">Rummi-\u0161okolaadi (alkoholivaba)<\/a>\u00a0(13.22\u20ac\/1kg)<br \/>\n\u2724 <a href=\"https:\/\/jatman.ee\/test\/epood\/valgesokolaad\/\">Valge \u0161okolaadi<\/a> (12.31\u20ac\/kg)<br \/>\n\u2724 <a href=\"https:\/\/jatman.ee\/test\/epood\/karamell\/\">Karamelli<\/a> (12.95\u20ac\/kg)<br \/>\n\u2724 <a href=\"https:\/\/jatman.ee\/test\/epood\/soolakaramell\/\">Soolakaramelli<\/a> (12.75\u20ac\/kg)<br \/>\n\u2724 <a href=\"https:\/\/jatman.ee\/test\/epood\/maasika\/\">Maasika<\/a>\u00a0(11.29\u20ac\/kg)<br \/>\n\u2724 <a href=\"https:\/\/jatman.ee\/test\/epood\/maasikavegan\/\">Maasika (vegan)<\/a>\u00a0(11.29\u20ac\/kg)<br \/>\n\u2724 <a href=\"https:\/\/jatman.ee\/test\/epood\/roosanatsukomm\/\">Roosa n\u00e4tsukommi<\/a>\u00a0(11.53\u20ac\/kg)<br \/>\n\u2724 <a href=\"https:\/\/jatman.ee\/test\/epood\/sininenatsukomm\/\">Sinise n\u00e4tsukommi<\/a>\u00a0(12.29\u20ac\/kg)<\/p>\n<p><strong>SORBETID<br \/>\n<\/strong><span style=\"font-weight: 400;\">Sorbett on puuviljap\u00fcree baasil valmistatud j\u00e4\u00e4tis. Nende valmistamiseks ei kasutata piima ega koort, seega pole neis ka piima rasvu.\u00a0<\/span><br \/>\n\u2724 <a href=\"https:\/\/jatman.ee\/test\/epood\/maasikasorbett\/\">Maasika sorbett<\/a> (12.25\u20ac\/kg)<br \/>\n\u2724 <a href=\"https:\/\/jatman.ee\/test\/epood\/vaarikasorbett\/\">Vaarika sorbett<\/a> (12.48\u20ac\/kg)<br \/>\n\u2724 <a href=\"https:\/\/jatman.ee\/test\/epood\/mustikasorbett\/\">Mustika sobrett<\/a> (12.48\u20ac\/kg)<br \/>\n\u2724 <a href=\"https:\/\/jatman.ee\/test\/epood\/oun\/\">\u00d5una sorbett<\/a>\u00a0(11.48\u20ac\/kg)<br \/>\n\u2724 <a href=\"https:\/\/jatman.ee\/test\/epood\/mango\/\">Mango sorbett<\/a>\u00a0(11.48\u20ac\/kg)<br \/>\n\u2724 <a href=\"https:\/\/jatman.ee\/test\/epood\/apelsini\/\">Apelsini sorbett<\/a>\u00a0(11.48\u20ac\/kg)<br \/>\n\u2724 <a href=\"https:\/\/jatman.ee\/test\/epood\/mojito\/\">Mojito sorbett<\/a>\u00a0(11.48\u20ac\/kg)<br \/>\n<strong>K\u00f5ik sorbetid on gluteeni-, laktoosivabad ning sobivad ka veganitele!<\/strong><\/p>\n<p><strong>J\u00c4\u00c4JOOGI SEGUD<\/strong><br \/>\n\u2724 <a href=\"https:\/\/jatman.ee\/test\/epood\/maasikaslush\/\">Maasika j\u00e4\u00e4jook<\/a> (10.17\u20ac\/kg)<br \/>\n\u2724 <a href=\"https:\/\/jatman.ee\/test\/epood\/mustikaslush\/\">Mustika j\u00e4\u00e4jook<\/a> (10.17\u20ac\/kg)<br \/>\n\u2724 <a href=\"https:\/\/jatman.ee\/test\/epood\/mangoslush\/\">Mango j\u00e4\u00e4jook<\/a> (10.17\u20ac\/kg)<strong><br \/>\n<\/strong><\/p>\n<p>&nbsp;<\/p>\n<p>Kui aga soovid enda \u00fcritusele rentida pehme j\u00e4\u00e4tise-, sorbeti-, popkorni-, suhkruvati-, minipannkoogi- ja j\u00e4\u00e4joogimasinat:<\/p>\n","protected":false},"featured_media":1698,"template":"","meta":{"_exactmetrics_skip_tracking":false,"_exactmetrics_sitenote_active":false,"_exactmetrics_sitenote_note":"","_exactmetrics_sitenote_category":0},"product_brand":[],"product_cat":[50],"product_tag":[],"class_list":{"0":"post-1692","1":"product","2":"type-product","3":"status-publish","4":"has-post-thumbnail","6":"product_cat-jatman-jaatised","8":"first","9":"instock","10":"taxable","11":"shipping-taxable","12":"product-type-simple"},"_links":{"self":[{"href":"https:\/\/jatman.ee\/test\/wp-json\/wp\/v2\/product\/1692","targetHints":{"allow":["GET"]}}],"collection":[{"href":"https:\/\/jatman.ee\/test\/wp-json\/wp\/v2\/product"}],"about":[{"href":"https:\/\/jatman.ee\/test\/wp-json\/wp\/v2\/types\/product"}],"wp:featuredmedia":[{"embeddable":true,"href":"https:\/\/jatman.ee\/test\/wp-json\/wp\/v2\/media\/1698"}],"wp:attachment":[{"href":"https:\/\/jatman.ee\/test\/wp-json\/wp\/v2\/media?parent=1692"}],"wp:term":[{"taxonomy":"product_brand","embeddable":true,"href":"https:\/\/jatman.ee\/test\/wp-json\/wp\/v2\/product_brand?post=1692"},{"taxonomy":"product_cat","embeddable":true,"href":"https:\/\/jatman.ee\/test\/wp-json\/wp\/v2\/product_cat?post=1692"},{"taxonomy":"product_tag","embeddable":true,"href":"https:\/\/jatman.ee\/test\/wp-json\/wp\/v2\/product_tag?post=1692"}],"curies":[{"name":"wp","href":"https:\/\/api.w.org\/{rel}","templated":true}]}}