{"id":1806,"date":"2024-05-15T09:24:08","date_gmt":"2024-05-15T09:24:08","guid":{"rendered":"https:\/\/jatman.ee\/test\/?post_type=product&#038;p=1806"},"modified":"2024-05-15T09:45:46","modified_gmt":"2024-05-15T09:45:46","slug":"pesur","status":"publish","type":"product","link":"https:\/\/jatman.ee\/test\/pood\/pesur\/","title":{"rendered":"Tekstiilipesur"},"content":{"rendered":"","protected":false},"excerpt":{"rendered":"<div class=\"\" data-block=\"true\" data-editor=\"19tpq\" data-offset-key=\"8m9bq-0-0\">\n<div class=\"\" data-block=\"true\" data-editor=\"19tpq\" data-offset-key=\"64oar-0-0\">\n<div class=\"_1mf _1mj\" data-offset-key=\"64oar-0-0\">\n<div class=\"kvgmc6g5 cxmmr5t8 oygrvhab hcukyx3x c1et5uql ii04i59q\">\n<div dir=\"auto\">\n<div class=\"\" data-block=\"true\" data-editor=\"19tpq\" data-offset-key=\"8m9bq-0-0\">\n<div class=\"\" data-block=\"true\" data-editor=\"19tpq\" data-offset-key=\"64oar-0-0\">\n<div class=\"_1mf _1mj\" data-offset-key=\"64oar-0-0\">\n<div class=\"kvgmc6g5 cxmmr5t8 oygrvhab hcukyx3x c1et5uql ii04i59q\">\n<div dir=\"auto\">\n<p><strong>Peale pidu selgus, et vaibal, diivanil v\u00f5i autoistmel on m\u00f5ned plekid mida enne ei olnud? \u00c4ra muretse! Rendi meilt lihtsasti kasutatav ja t\u00f5hus tekstiilipesur K\u00e4rcher. <\/strong><\/p>\n<p>\u2022 Rendihind: 25\u20ac\/24h!<br \/>\n\u2022 Hinnas ka puhastuskeemia!<br \/>\n\u2022 Pesuaine pihustatakse otse kangakiu vahele ja p\u00e4rastine veesurve eemaldab kogu vee ja mustuse.<br \/>\n\u2022 Puhta- ja mustaveepaak mahutavusega 4.5l<br \/>\n\u2022 Kaal 8 kg<\/p>\n<p><strong>Hind: 25\u20ac\/24h<br \/>\n<\/strong><em><span style=\"font-size: 0.775rem;\">* Rendihind sisaldab tekstiilipesuti renti 24h<\/span><\/em><\/p>\n<\/div>\n<p><span style=\"font-size: 0.875rem;\">Broneerimiseks saada meile <\/span><strong style=\"font-size: 0.875rem;\"><a href=\"mailto:telli@jatman.ee\">KIRI<\/a><\/strong><\/p>\n<div dir=\"auto\">\n<p><strong>Vajate transporti?<\/strong> Saame soovi korral tuua Teile masinad peokohta kohale! Transpordi hind s\u00f5ltub Teie asukohast. T\u00e4pse hinna saate kui kirjutate meile oma aadressi, kuhu masinaid soovite saada. Miinimumhind on 25\u20ac (v.a. Loo) ning ligikaudse hinna saate soovi korral ise v\u00e4lja arvestada korrutades kilometraa\u017ei 1.6-ga.<strong style=\"font-size: 0.875rem;\"><strong><br \/>\n<\/strong><\/strong><\/p>\n<\/div>\n<\/div>\n<\/div>\n<\/div>\n<\/div>\n<\/div>\n<\/div>\n<\/div>\n<\/div>\n<\/div>\n","protected":false},"featured_media":1808,"template":"","meta":{"_exactmetrics_skip_tracking":false,"_exactmetrics_sitenote_active":false,"_exactmetrics_sitenote_note":"","_exactmetrics_sitenote_category":0},"product_brand":[],"product_cat":[50],"product_tag":[],"class_list":{"0":"post-1806","1":"product","2":"type-product","3":"status-publish","4":"has-post-thumbnail","6":"product_cat-jatman-jaatised","8":"first","9":"outofstock","10":"taxable","11":"shipping-taxable","12":"purchasable","13":"product-type-simple"},"_links":{"self":[{"href":"https:\/\/jatman.ee\/test\/wp-json\/wp\/v2\/product\/1806","targetHints":{"allow":["GET"]}}],"collection":[{"href":"https:\/\/jatman.ee\/test\/wp-json\/wp\/v2\/product"}],"about":[{"href":"https:\/\/jatman.ee\/test\/wp-json\/wp\/v2\/types\/product"}],"wp:featuredmedia":[{"embeddable":true,"href":"https:\/\/jatman.ee\/test\/wp-json\/wp\/v2\/media\/1808"}],"wp:attachment":[{"href":"https:\/\/jatman.ee\/test\/wp-json\/wp\/v2\/media?parent=1806"}],"wp:term":[{"taxonomy":"product_brand","embeddable":true,"href":"https:\/\/jatman.ee\/test\/wp-json\/wp\/v2\/product_brand?post=1806"},{"taxonomy":"product_cat","embeddable":true,"href":"https:\/\/jatman.ee\/test\/wp-json\/wp\/v2\/product_cat?post=1806"},{"taxonomy":"product_tag","embeddable":true,"href":"https:\/\/jatman.ee\/test\/wp-json\/wp\/v2\/product_tag?post=1806"}],"curies":[{"name":"wp","href":"https:\/\/api.w.org\/{rel}","templated":true}]}}