{"id":1844,"date":"2024-06-07T08:58:21","date_gmt":"2024-06-07T08:58:21","guid":{"rendered":"https:\/\/jatman.ee\/test\/?post_type=product&#038;p=1844"},"modified":"2024-07-30T09:15:26","modified_gmt":"2024-07-30T09:15:26","slug":"mullimasin","status":"publish","type":"product","link":"https:\/\/jatman.ee\/test\/pood\/mullimasin\/","title":{"rendered":"Mullimasin"},"content":{"rendered":"","protected":false},"excerpt":{"rendered":"<div class=\"\" data-block=\"true\" data-editor=\"19tpq\" data-offset-key=\"8m9bq-0-0\">\n<div class=\"\" data-block=\"true\" data-editor=\"19tpq\" data-offset-key=\"64oar-0-0\">\n<div class=\"_1mf _1mj\" data-offset-key=\"64oar-0-0\">\n<div class=\"kvgmc6g5 cxmmr5t8 oygrvhab hcukyx3x c1et5uql ii04i59q\">\n<div dir=\"auto\">\n<div class=\"\" data-block=\"true\" data-editor=\"19tpq\" data-offset-key=\"8m9bq-0-0\">\n<div class=\"\" data-block=\"true\" data-editor=\"19tpq\" data-offset-key=\"64oar-0-0\">\n<div class=\"_1mf _1mj\" data-offset-key=\"64oar-0-0\">\n<div class=\"kvgmc6g5 cxmmr5t8 oygrvhab hcukyx3x c1et5uql ii04i59q\">\n<div dir=\"auto\">\n<p><strong>K\u00f5ikide laste lemmik! Rendi meilt lihtsasti kasutatav mullimasin. <\/strong><\/p>\n<p>\u2022 <strong>Rendihind<\/strong>: 10\u20ac\/24h!<br \/>\n\u2022 <strong>Kasutamine:<\/strong> \u00dchenda vooluv\u00f5rku, vala sisse mullivedelik ja r\u00f5\u00f5m algab. Korraga mahutab masin kuni 0.5L vedelikku.<br \/>\n\u2022 <strong>Lisatarvik<\/strong>: Soovitame kaasa rentida ka statiivi (+5\u20ac), millega saab mullitaja k\u00f5rgemale t\u00f5sta, et mullid p\u00fcsiksid kauem \u00f5hus.<br \/>\n\u2022 <strong>Vedelik:<\/strong> Tuleb eraldi juurde osta.<br \/>\n\u2022 <strong>Seadme kaal:<\/strong> 3 kg<\/p>\n<p><strong>VEDELIK MULLIMASINALE<\/strong><br \/>\nSaadaval kolm valikut:<\/p>\n<p>\u2022 <strong>1L<\/strong> &#8211; 7\u20ac (j\u00e4tkub umbes 45 minutiks)<br \/>\n\u2022 <strong>3L<\/strong> &#8211; 18\u20ac<br \/>\n\u2022 <strong>5L<\/strong> &#8211; 25\u20ac<br \/>\nRendi mullimasin ja loo l\u00f5busad hetked!<\/p>\n<p>&nbsp;<\/p>\n<p><strong>Hind: 10\u20ac\/24h<br \/>\n<\/strong><em><span style=\"font-size: 0.775rem;\">* Rendihind sisaldab tekstiilipesuti renti 24h<\/span><\/em><\/p>\n<\/div>\n<p><span style=\"font-size: 0.875rem;\">Broneerimiseks saada meile <\/span><strong style=\"font-size: 0.875rem;\"><a href=\"mailto:telli@jatman.ee\">KIRI<\/a><\/strong><\/p>\n<div dir=\"auto\">\n<p><strong>Vajate transporti?<\/strong> Saame soovi korral tuua Teile masinad peokohta kohale! Transpordi hind s\u00f5ltub Teie asukohast. T\u00e4pse hinna saate kui kirjutate meile oma aadressi, kuhu masinaid soovite saada. Miinimumhind on 25\u20ac (v.a. Loo) ning ligikaudse hinna saate soovi korral ise v\u00e4lja arvestada korrutades kilometraa\u017ei 1.6-ga.<strong style=\"font-size: 0.875rem;\"><strong><br \/>\n<\/strong><\/strong><\/p>\n<\/div>\n<\/div>\n<\/div>\n<\/div>\n<\/div>\n<\/div>\n<\/div>\n<\/div>\n<\/div>\n<\/div>\n","protected":false},"featured_media":1845,"template":"","meta":{"_exactmetrics_skip_tracking":false,"_exactmetrics_sitenote_active":false,"_exactmetrics_sitenote_note":"","_exactmetrics_sitenote_category":0},"product_brand":[],"product_cat":[50],"product_tag":[],"class_list":{"0":"post-1844","1":"product","2":"type-product","3":"status-publish","4":"has-post-thumbnail","6":"product_cat-jatman-jaatised","8":"first","9":"outofstock","10":"taxable","11":"shipping-taxable","12":"purchasable","13":"product-type-simple"},"_links":{"self":[{"href":"https:\/\/jatman.ee\/test\/wp-json\/wp\/v2\/product\/1844","targetHints":{"allow":["GET"]}}],"collection":[{"href":"https:\/\/jatman.ee\/test\/wp-json\/wp\/v2\/product"}],"about":[{"href":"https:\/\/jatman.ee\/test\/wp-json\/wp\/v2\/types\/product"}],"wp:featuredmedia":[{"embeddable":true,"href":"https:\/\/jatman.ee\/test\/wp-json\/wp\/v2\/media\/1845"}],"wp:attachment":[{"href":"https:\/\/jatman.ee\/test\/wp-json\/wp\/v2\/media?parent=1844"}],"wp:term":[{"taxonomy":"product_brand","embeddable":true,"href":"https:\/\/jatman.ee\/test\/wp-json\/wp\/v2\/product_brand?post=1844"},{"taxonomy":"product_cat","embeddable":true,"href":"https:\/\/jatman.ee\/test\/wp-json\/wp\/v2\/product_cat?post=1844"},{"taxonomy":"product_tag","embeddable":true,"href":"https:\/\/jatman.ee\/test\/wp-json\/wp\/v2\/product_tag?post=1844"}],"curies":[{"name":"wp","href":"https:\/\/api.w.org\/{rel}","templated":true}]}}