{"id":1846,"date":"2024-06-07T09:13:51","date_gmt":"2024-06-07T09:13:51","guid":{"rendered":"https:\/\/jatman.ee\/test\/?post_type=product&#038;p=1846"},"modified":"2025-04-25T07:09:56","modified_gmt":"2025-04-25T07:09:56","slug":"mullimasin-profi","status":"publish","type":"product","link":"https:\/\/jatman.ee\/test\/pood\/mullimasin-profi\/","title":{"rendered":"Mullimasin PROFi"},"content":{"rendered":"","protected":false},"excerpt":{"rendered":"<div class=\"\" data-block=\"true\" data-editor=\"19tpq\" data-offset-key=\"8m9bq-0-0\">\n<div class=\"\" data-block=\"true\" data-editor=\"19tpq\" data-offset-key=\"64oar-0-0\">\n<div class=\"_1mf _1mj\" data-offset-key=\"64oar-0-0\">\n<div class=\"kvgmc6g5 cxmmr5t8 oygrvhab hcukyx3x c1et5uql ii04i59q\">\n<div dir=\"auto\">\n<div class=\"\" data-block=\"true\" data-editor=\"19tpq\" data-offset-key=\"8m9bq-0-0\">\n<div class=\"\" data-block=\"true\" data-editor=\"19tpq\" data-offset-key=\"64oar-0-0\">\n<div class=\"_1mf _1mj\" data-offset-key=\"64oar-0-0\">\n<div class=\"kvgmc6g5 cxmmr5t8 oygrvhab hcukyx3x c1et5uql ii04i59q\">\n<div dir=\"auto\">\n<p><strong>K\u00f5ikide laste lemmik! Rendi meilt professionaalne kahe mullikettaga ja puldist juhitav mullimasin. <\/strong><\/p>\n<p>\u2022 <strong>Rendihind<\/strong>: 25\u20ac\/24h!<br \/>\n\u2022 <strong>Kasutamine:<\/strong> \u00dchenda vooluv\u00f5rku, vala sisse mullivedelik ja r\u00f5\u00f5m algab.<br \/>\n\u2022 <strong>Mugav:<\/strong> Masinal on juhtmevaba pult, millega saab masina soovitud ajal pausile ja tagasi t\u00f6\u00f6le l\u00fclitada.<br \/>\n\u2022 <strong>Vedelik:<\/strong> Tuleb eraldi juurde osta.<br \/>\n\u2022 <strong>Seadme kaal:<\/strong> 1 kg<\/p>\n<p><strong>VEDELIK MULLIMASINALE<\/strong><br \/>\nSaadaval kolm valikut:<\/p>\n<p>\u2022 <strong>1L<\/strong> &#8211; 7\u20ac (j\u00e4tkub umbes 45 minutiks)<br \/>\n\u2022 <strong>3L<\/strong> &#8211; 18\u20ac<br \/>\n\u2022 <strong>5L<\/strong> &#8211; 25\u20ac<br \/>\nRendi mullimasin ja loo l\u00f5busad hetked!<\/p>\n<p>&nbsp;<\/p>\n<p><strong>Hind: 25\u20ac\/24h<br \/>\n<\/strong><em><span style=\"font-size: 0.775rem;\">* Rendihind sisaldab tekstiilipesuti renti 24h<\/span><\/em><\/p>\n<\/div>\n<p><span style=\"font-size: 0.875rem;\">Broneerimiseks saada meile <\/span><strong style=\"font-size: 0.875rem;\"><a href=\"mailto:telli@jatman.ee\">KIRI<\/a><\/strong><\/p>\n<div dir=\"auto\">\n<p><strong>Vajate transporti?<\/strong> Saame soovi korral tuua Teile masinad peokohta kohale! Transpordi hind s\u00f5ltub Teie asukohast. T\u00e4pse hinna saate kui kirjutate meile oma aadressi, kuhu masinaid soovite saada. Miinimumhind on 25\u20ac (v.a. Loo) ning ligikaudse hinna saate soovi korral ise v\u00e4lja arvestada korrutades kilometraa\u017ei 1.6-ga.<strong style=\"font-size: 0.875rem;\"><strong><br \/>\n<\/strong><\/strong><\/p>\n<\/div>\n<\/div>\n<\/div>\n<\/div>\n<\/div>\n<\/div>\n<\/div>\n<\/div>\n<\/div>\n<\/div>\n","protected":false},"featured_media":1847,"template":"","meta":{"_exactmetrics_skip_tracking":false,"_exactmetrics_sitenote_active":false,"_exactmetrics_sitenote_note":"","_exactmetrics_sitenote_category":0},"product_brand":[],"product_cat":[50,67],"product_tag":[],"class_list":{"0":"post-1846","1":"product","2":"type-product","3":"status-publish","4":"has-post-thumbnail","6":"product_cat-jatman-jaatised","7":"product_cat-muud-peotarbed","9":"first","10":"outofstock","11":"taxable","12":"shipping-taxable","13":"purchasable","14":"product-type-simple"},"_links":{"self":[{"href":"https:\/\/jatman.ee\/test\/wp-json\/wp\/v2\/product\/1846","targetHints":{"allow":["GET"]}}],"collection":[{"href":"https:\/\/jatman.ee\/test\/wp-json\/wp\/v2\/product"}],"about":[{"href":"https:\/\/jatman.ee\/test\/wp-json\/wp\/v2\/types\/product"}],"wp:featuredmedia":[{"embeddable":true,"href":"https:\/\/jatman.ee\/test\/wp-json\/wp\/v2\/media\/1847"}],"wp:attachment":[{"href":"https:\/\/jatman.ee\/test\/wp-json\/wp\/v2\/media?parent=1846"}],"wp:term":[{"taxonomy":"product_brand","embeddable":true,"href":"https:\/\/jatman.ee\/test\/wp-json\/wp\/v2\/product_brand?post=1846"},{"taxonomy":"product_cat","embeddable":true,"href":"https:\/\/jatman.ee\/test\/wp-json\/wp\/v2\/product_cat?post=1846"},{"taxonomy":"product_tag","embeddable":true,"href":"https:\/\/jatman.ee\/test\/wp-json\/wp\/v2\/product_tag?post=1846"}],"curies":[{"name":"wp","href":"https:\/\/api.w.org\/{rel}","templated":true}]}}