{"id":596,"date":"2021-05-07T10:54:11","date_gmt":"2021-05-07T10:54:11","guid":{"rendered":"https:\/\/jatman.ee\/test\/?post_type=product&#038;p=596"},"modified":"2025-05-23T17:11:38","modified_gmt":"2025-05-23T17:11:38","slug":"jaatisemasin","status":"publish","type":"product","link":"https:\/\/jatman.ee\/test\/pood\/jaatisemasin\/","title":{"rendered":"Pehme j\u00e4\u00e4tise masin"},"content":{"rendered":"","protected":false},"excerpt":{"rendered":"<p><strong>J\u00e4\u00e4tisemasina rendihinnas sisaldub 30 j\u00e4\u00e4tist koos vahvlite v\u00f5i topsidega!<\/strong><\/p>\n<p><strong>Meie maitste valik on lai &#8211; klassikalisest vanilli koorej\u00e4\u00e4tisest \u00f5una sorbetini! Oleme kindlad, et k\u00f5ik leiavad endale meelep\u00e4rase maitse!<\/strong><\/p>\n<p>* Hind alates 50\u20ac\/p\u00e4ev (s.t 09:00-21:00)<br \/>\n* \u00dcks j\u00e4\u00e4tisemasin valmistab \u00fche maitse! Kui soovite serveerida kahte maitset, vajate kahte j\u00e4\u00e4tisemasinat!<br \/>\n* J\u00e4\u00e4tisemasin saabub eelprogrammeeritult \u2013 <strong>Teie t\u00f6\u00f6 on segu sisse valada ja masin t\u00f6\u00f6le vajutada!<\/strong><br \/>\n* J\u00e4\u00e4tis valmib ca 1.5 tunniga<br \/>\n* \u00dcks j\u00e4\u00e4tisemasin valmistab \u00fches tunnis maksimaalselt 40 j\u00e4\u00e4tist<br \/>\n* Voolutarve 500 W, masina kaal 30kg !<br \/>\n* Enne kasutamist tutvu <a href=\"https:\/\/jatman.ee\/test\/jaatisemasina-juhend\/\">kasutusjuhendiga<\/a>!<\/p>\n<p><strong>Hinnakiri:<br \/>\n30 j\u00e4\u00e4tist 50\u20ac<br \/>\n40 j\u00e4\u00e4tist 60\u20ac<br \/>\n50 j\u00e4\u00e4tist 70\u20ac<br \/>\n60 j\u00e4\u00e4tist 80\u20ac<br \/>\n70 j\u00e4\u00e4tist 90\u20ac<br \/>\n80+ j\u00e4\u00e4tist vajate juba rohkem kui \u00fchte j\u00e4\u00e4tisemasinat!<br \/>\n<\/strong>T\u00e4psete v\u00f5imaluste ja hindadega saate tutvuda <strong><a href=\"https:\/\/jatman.ee\/test\/paring\/\">SIIN &#8211; hinnap\u00e4ringu\/tellimusvormis!\u00a0<\/a><\/strong><\/p>\n<p><b>Meie pakutavad maitsed:<\/b><img decoding=\"async\" class=\"alignnone size-full wp-image-1857\" src=\"https:\/\/jatman.ee\/test\/wp-content\/uploads\/2021\/05\/Jatman-jaatised-maitsed-2024.jpg\" alt=\"\" width=\"1358\" height=\"1920\" srcset=\"https:\/\/jatman.ee\/test\/wp-content\/uploads\/2021\/05\/Jatman-jaatised-maitsed-2024.jpg 1358w, https:\/\/jatman.ee\/test\/wp-content\/uploads\/2021\/05\/Jatman-jaatised-maitsed-2024-300x424.jpg 300w, https:\/\/jatman.ee\/test\/wp-content\/uploads\/2021\/05\/Jatman-jaatised-maitsed-2024-212x300.jpg 212w, https:\/\/jatman.ee\/test\/wp-content\/uploads\/2021\/05\/Jatman-jaatised-maitsed-2024-724x1024.jpg 724w, https:\/\/jatman.ee\/test\/wp-content\/uploads\/2021\/05\/Jatman-jaatised-maitsed-2024-768x1086.jpg 768w, https:\/\/jatman.ee\/test\/wp-content\/uploads\/2021\/05\/Jatman-jaatised-maitsed-2024-1086x1536.jpg 1086w\" sizes=\"(max-width: 1358px) 100vw, 1358px\" \/><\/p>\n<p><strong>Lisa tellimusele ka spetsiaalne kaunistuste komplekt, et muuta pehme j\u00e4\u00e4tise kogemus veelgi meeldej\u00e4\u00e4vamaks!<\/strong><\/p>\n<p><strong>Kaunistuste komplekt maksab vaid 10\u20ac <\/strong>ning sinna kuuluvad:<br \/>\n* minivahukommid<br \/>\n* nonparellid<br \/>\n* soolakaramelli v\u00f5i \u0161okolaadikaste<\/p>\n<p><img decoding=\"async\" class=\"alignnone wp-image-1799\" src=\"https:\/\/jatman.ee\/test\/wp-content\/uploads\/2021\/05\/GridArt_20240514_161250037.jpg\" alt=\"\" width=\"146\" height=\"146\" srcset=\"https:\/\/jatman.ee\/test\/wp-content\/uploads\/2021\/05\/GridArt_20240514_161250037.jpg 1920w, https:\/\/jatman.ee\/test\/wp-content\/uploads\/2021\/05\/GridArt_20240514_161250037-150x150.jpg 150w, https:\/\/jatman.ee\/test\/wp-content\/uploads\/2021\/05\/GridArt_20240514_161250037-100x100.jpg 100w, https:\/\/jatman.ee\/test\/wp-content\/uploads\/2021\/05\/GridArt_20240514_161250037-300x300.jpg 300w, https:\/\/jatman.ee\/test\/wp-content\/uploads\/2021\/05\/GridArt_20240514_161250037-1024x1024.jpg 1024w, https:\/\/jatman.ee\/test\/wp-content\/uploads\/2021\/05\/GridArt_20240514_161250037-768x768.jpg 768w, https:\/\/jatman.ee\/test\/wp-content\/uploads\/2021\/05\/GridArt_20240514_161250037-1536x1536.jpg 1536w\" sizes=\"(max-width: 146px) 100vw, 146px\" \/><\/p>\n<hr \/>\n<p><span style=\"color: #388e3c;\"><strong>Broneerimiseks saada meile <a style=\"color: #388e3c;\" href=\"https:\/\/jatman.ee\/test\/paring\/\">P\u00c4RING<\/a><\/strong><\/span><\/p>\n<hr \/>\n<p><strong>Vajate transporti?<\/strong><br \/>\nSaame soovi korral tuua Teile masina peokohta kohale! Transpordi hind s\u00f5ltub Teie asukohast. T\u00e4pse hinna saate kui kirjutate meile oma aadressi, kuhu masinaid soovite saada.<br \/>\nMiinimumhind on 25\u20ac (v.a. Loo) ning ligikaudse hinna saate soovi korral ise v\u00e4lja arvestada korrutades kilometraa\u017ei 1.6-ga.<\/p>\n<hr \/>\n<p><strong>Kui Sulle piisab aga 15\/30 j\u00e4\u00e4tisest<\/strong>, vaata meie <a href=\"https:\/\/jatman.ee\/test\/pood\/pehme-jaatise-masin-mini\/\"><strong>MINI<\/strong> <\/a>masinat!<br \/>\n<img decoding=\"async\" class=\"alignnone wp-image-908\" src=\"https:\/\/jatman.ee\/test\/wp-content\/uploads\/2022\/12\/PXL_20220728_191122286.PORTRAIT-e1672695607783.jpg\" alt=\"\" width=\"161\" height=\"215\" srcset=\"https:\/\/jatman.ee\/test\/wp-content\/uploads\/2022\/12\/PXL_20220728_191122286.PORTRAIT-e1672695607783.jpg 300w, https:\/\/jatman.ee\/test\/wp-content\/uploads\/2022\/12\/PXL_20220728_191122286.PORTRAIT-e1672695607783-225x300.jpg 225w\" sizes=\"(max-width: 161px) 100vw, 161px\" \/><\/p>\n","protected":false},"featured_media":1101,"template":"","meta":{"_exactmetrics_skip_tracking":false,"_exactmetrics_sitenote_active":false,"_exactmetrics_sitenote_note":"","_exactmetrics_sitenote_category":0},"product_brand":[],"product_cat":[50],"product_tag":[],"class_list":{"0":"post-596","1":"product","2":"type-product","3":"status-publish","4":"has-post-thumbnail","6":"product_cat-jatman-jaatised","8":"first","9":"outofstock","10":"featured","11":"sold-individually","12":"taxable","13":"shipping-taxable","14":"purchasable","15":"product-type-simple"},"_links":{"self":[{"href":"https:\/\/jatman.ee\/test\/wp-json\/wp\/v2\/product\/596","targetHints":{"allow":["GET"]}}],"collection":[{"href":"https:\/\/jatman.ee\/test\/wp-json\/wp\/v2\/product"}],"about":[{"href":"https:\/\/jatman.ee\/test\/wp-json\/wp\/v2\/types\/product"}],"wp:featuredmedia":[{"embeddable":true,"href":"https:\/\/jatman.ee\/test\/wp-json\/wp\/v2\/media\/1101"}],"wp:attachment":[{"href":"https:\/\/jatman.ee\/test\/wp-json\/wp\/v2\/media?parent=596"}],"wp:term":[{"taxonomy":"product_brand","embeddable":true,"href":"https:\/\/jatman.ee\/test\/wp-json\/wp\/v2\/product_brand?post=596"},{"taxonomy":"product_cat","embeddable":true,"href":"https:\/\/jatman.ee\/test\/wp-json\/wp\/v2\/product_cat?post=596"},{"taxonomy":"product_tag","embeddable":true,"href":"https:\/\/jatman.ee\/test\/wp-json\/wp\/v2\/product_tag?post=596"}],"curies":[{"name":"wp","href":"https:\/\/api.w.org\/{rel}","templated":true}]}}