{"id":801,"date":"2022-05-16T16:19:26","date_gmt":"2022-05-16T16:19:26","guid":{"rendered":"https:\/\/jatman.ee\/test\/?post_type=product&#038;p=801"},"modified":"2025-05-23T17:00:47","modified_gmt":"2025-05-23T17:00:47","slug":"jaajook","status":"publish","type":"product","link":"https:\/\/jatman.ee\/test\/pood\/jaajook\/","title":{"rendered":"J\u00e4\u00e4joogimasin"},"content":{"rendered":"","protected":false},"excerpt":{"rendered":"<div class=\"\" data-block=\"true\" data-editor=\"19tpq\" data-offset-key=\"8m9bq-0-0\">\n<p><strong>J\u00e4\u00e4jook on suurep\u00e4rane jahutus nii kodu\u00f5ues kuumal suvep\u00e4eval kui m\u00e4ngutoas!<\/strong><\/p>\n<p>* Rendihind sisaldab j\u00e4\u00e4joogimasina renti koos 1 paki j\u00e4\u00e4joogiseguga (ca 4.5l valmisjooki)<br \/>\n* \u00dcks j\u00e4\u00e4joogimasin valmistab \u00fche maitse! Kui soovite serveerida kahte maitset, vajate kahte j\u00e4\u00e4joogimasinat!<br \/>\n* J\u00e4\u00e4joogimasin saabub eelprogrammeeritult \u2013 Teie t\u00f6\u00f6 on segu sisse valada ja masin t\u00f6\u00f6le vajutada!<br \/>\n* J\u00e4\u00e4jook valmib ca 2 tunniga<br \/>\n* Valikus on roosa maasika, lilla mustika, kollase mango, cola v\u00f5i sinise vaarika maitseline j\u00e4\u00e4jook.<br \/>\n* Soovi korral saate kaasa rentida korduvkasutatavaid joogitopse: 10 topsi hinnaga 5\u20ac. Juhime t\u00e4helepanu, et iga tagastamata topsi eest tuleb tasuda 0.50\u20ac.<\/p>\n<\/div>\n<div class=\"\" data-block=\"true\" data-editor=\"19tpq\" data-offset-key=\"9fs21-0-0\">\n<div class=\"_1mf _1mj\" data-offset-key=\"9fs21-0-0\">\n<p><strong><strong>Hind alates: 50\u20ac\/p\u00e4ev <\/strong><\/strong>(s.t.09:00-21:00)<strong><strong><br \/>\n<\/strong><\/strong><em>* Rendihinnas sisaldub j\u00e4\u00e4joogimasina\u00a0 terve p\u00e4eva rent, 1 pakk j\u00e4\u00e4joogiseguga<\/em><\/p>\n<p><strong>Broneerimiseks saada meile <a href=\"https:\/\/jatman.ee\/test\/paring\/\">P\u00c4RING<\/a><\/strong><\/p>\n<\/div>\n<\/div>\n<div class=\"\" data-block=\"true\" data-editor=\"19tpq\" data-offset-key=\"dfjcv-0-0\">\n<div class=\"_1mf _1mj\" data-offset-key=\"dfjcv-0-0\">\n<div class=\"o9v6fnle cxmmr5t8 oygrvhab hcukyx3x c1et5uql ii04i59q\">\n<div dir=\"auto\">\n<p><strong>Vajate transporti?<\/strong><br \/>\nSaame soovi korral tuua Teile masinad peokohta kohale! Transpordi hind s\u00f5ltub Teie asukohast. T\u00e4pse hinna saate kui kirjutate meile oma aadressi, kuhu masinaid soovite saada.<br \/>\nMiinimumhind on 25\u20ac (v.a. Loo) ning ligikaudse hinna saate soovi korral ise v\u00e4lja arvestada korrutades kilometraa\u017ei 1.6-ga.<\/p>\n<\/div>\n<\/div>\n<\/div>\n<\/div>\n","protected":false},"featured_media":893,"template":"","meta":{"_exactmetrics_skip_tracking":false,"_exactmetrics_sitenote_active":false,"_exactmetrics_sitenote_note":"","_exactmetrics_sitenote_category":0},"product_brand":[],"product_cat":[50],"product_tag":[],"class_list":{"0":"post-801","1":"product","2":"type-product","3":"status-publish","4":"has-post-thumbnail","6":"product_cat-jatman-jaatised","8":"first","9":"outofstock","10":"taxable","11":"shipping-taxable","12":"purchasable","13":"product-type-simple"},"_links":{"self":[{"href":"https:\/\/jatman.ee\/test\/wp-json\/wp\/v2\/product\/801","targetHints":{"allow":["GET"]}}],"collection":[{"href":"https:\/\/jatman.ee\/test\/wp-json\/wp\/v2\/product"}],"about":[{"href":"https:\/\/jatman.ee\/test\/wp-json\/wp\/v2\/types\/product"}],"wp:featuredmedia":[{"embeddable":true,"href":"https:\/\/jatman.ee\/test\/wp-json\/wp\/v2\/media\/893"}],"wp:attachment":[{"href":"https:\/\/jatman.ee\/test\/wp-json\/wp\/v2\/media?parent=801"}],"wp:term":[{"taxonomy":"product_brand","embeddable":true,"href":"https:\/\/jatman.ee\/test\/wp-json\/wp\/v2\/product_brand?post=801"},{"taxonomy":"product_cat","embeddable":true,"href":"https:\/\/jatman.ee\/test\/wp-json\/wp\/v2\/product_cat?post=801"},{"taxonomy":"product_tag","embeddable":true,"href":"https:\/\/jatman.ee\/test\/wp-json\/wp\/v2\/product_tag?post=801"}],"curies":[{"name":"wp","href":"https:\/\/api.w.org\/{rel}","templated":true}]}}