{"id":869,"date":"2022-12-28T20:19:19","date_gmt":"2022-12-28T20:19:19","guid":{"rendered":"https:\/\/jatman.ee\/test\/?post_type=product&#038;p=869"},"modified":"2025-05-23T16:59:26","modified_gmt":"2025-05-23T16:59:26","slug":"pehme-jaatise-masin-mini","status":"publish","type":"product","link":"https:\/\/jatman.ee\/test\/pood\/pehme-jaatise-masin-mini\/","title":{"rendered":"Pehme j\u00e4\u00e4tise masin MINI"},"content":{"rendered":"","protected":false},"excerpt":{"rendered":"<p><strong>J\u00e4\u00e4tisemasina rendihinnas sisaldub 15 vanillikoorej\u00e4\u00e4tist koos vahvlite v\u00f5i topsidega!<\/strong><\/p>\n<p>* J\u00e4\u00e4tisemasin valmistab \u00fche maitse!<br \/>\n* J\u00e4\u00e4tisemasin kasutamine on v\u00e4ga lihtne! Teie t\u00f6\u00f6 on segu sisse valada ja masin t\u00f6\u00f6le vajutada!<br \/>\n* J\u00e4\u00e4tisemasin valmistab korraga ehk ca 45 minutiga ca 15 j\u00e4\u00e4tist<br \/>\n* V\u00f5imalik taast\u00e4ita, ehk valmistada ca 2 tunniga 30 j\u00e4\u00e4tist!<br \/>\n* Enne kasutamist tutvuge <a href=\"https:\/\/www.youtube.com\/watch?v=artmtOlFtd8&amp;t=5s\">kasutusjuhendiga<\/a>!<br \/>\n* Voolutarve 200 W, masina kaal 17kg !<\/p>\n<p><strong>Hinnakiri:<br \/>\n15 j\u00e4\u00e4tist 39\u20ac\/ p\u00e4ev<br \/>\n30 j\u00e4\u00e4tist 45\u20ac\/ p\u00e4ev<br \/>\n<\/strong><\/p>\n<p>Broneerimiseks saada meile <strong><a href=\"https:\/\/jatman.ee\/test\/paring\/\">P\u00c4RING<\/a><\/strong><\/p>\n<p><strong>Lisa tellimusele ka spetsiaalne kaunistuste komplekt, et muuta pehme j\u00e4\u00e4tise kogemus veelgi meeldej\u00e4\u00e4vamaks!<\/strong><\/p>\n<p><strong>Kaunistuste komplekt maksab vaid 10\u20ac <\/strong>ning sinna kuuluvad:<br \/>\n* minivahukommid<br \/>\n* nonparellid<br \/>\n* soolakaramelli v\u00f5i \u0161okolaadikaste<br \/>\n<strong><a href=\"https:\/\/jatman.ee\/test\/wp-content\/uploads\/2021\/05\/GridArt_20240514_161250037.jpg\"><img decoding=\"async\" class=\"alignnone wp-image-1799 \" src=\"https:\/\/jatman.ee\/test\/wp-content\/uploads\/2021\/05\/GridArt_20240514_161250037.jpg\" alt=\"\" width=\"267\" height=\"267\" srcset=\"https:\/\/jatman.ee\/test\/wp-content\/uploads\/2021\/05\/GridArt_20240514_161250037.jpg 1920w, https:\/\/jatman.ee\/test\/wp-content\/uploads\/2021\/05\/GridArt_20240514_161250037-150x150.jpg 150w, https:\/\/jatman.ee\/test\/wp-content\/uploads\/2021\/05\/GridArt_20240514_161250037-100x100.jpg 100w, https:\/\/jatman.ee\/test\/wp-content\/uploads\/2021\/05\/GridArt_20240514_161250037-300x300.jpg 300w, https:\/\/jatman.ee\/test\/wp-content\/uploads\/2021\/05\/GridArt_20240514_161250037-1024x1024.jpg 1024w, https:\/\/jatman.ee\/test\/wp-content\/uploads\/2021\/05\/GridArt_20240514_161250037-768x768.jpg 768w, https:\/\/jatman.ee\/test\/wp-content\/uploads\/2021\/05\/GridArt_20240514_161250037-1536x1536.jpg 1536w\" sizes=\"(max-width: 267px) 100vw, 267px\" \/><\/a><br \/>\n<\/strong><\/p>\n<p><strong>Minimasina kasutusjuhend: <a href=\"https:\/\/www.youtube.com\/watch?v=artmtOlFtd8&amp;t=5s\">VIDEO<\/a><\/strong><em><br \/>\n<\/em><\/p>\n<p><strong>Vajate transporti?<\/strong><br \/>\nSaame soovi korral tuua Teile masina peokohta kohale! Transpordi hind s\u00f5ltub Teie asukohast. T\u00e4pse hinna saate kui kirjutate meile oma aadressi, kuhu masinaid soovite saada.<br \/>\nMiinimumhind on 25\u20ac (v.a. Loo) ning ligikaudse hinna saate soovi korral ise v\u00e4lja arvestada korrutades kilometraa\u017ei 1.6-ga.<\/p>\n<p><strong>Miks rentida pehme j\u00e4\u00e4tisemasin meilt?<\/strong><br \/>\n* Meie suhtlus on k\u00f5ige s\u00f5bralikum!<br \/>\n* Meie j\u00e4\u00e4tisemasinaga valmistavad k\u00f5ik head j\u00e4\u00e4tist!<br \/>\n* Meie renditingimused on paindlikud!<\/p>\n<p>Tekstid on kaitstud autori\u00f5igusega. L\u00e4hemalt saab lugeda <a href=\"http:\/\/arileht.delfi.ee\/news\/uudised\/juristi-abi-kodulehe-autorioigus?id=51082802\">siit.<\/a><strong>\u00a0<\/strong><\/p>\n","protected":false},"featured_media":908,"template":"","meta":{"_exactmetrics_skip_tracking":false,"_exactmetrics_sitenote_active":false,"_exactmetrics_sitenote_note":"","_exactmetrics_sitenote_category":0},"product_brand":[],"product_cat":[50],"product_tag":[],"class_list":{"0":"post-869","1":"product","2":"type-product","3":"status-publish","4":"has-post-thumbnail","6":"product_cat-jatman-jaatised","8":"first","9":"outofstock","10":"sold-individually","11":"taxable","12":"shipping-taxable","13":"purchasable","14":"product-type-simple"},"_links":{"self":[{"href":"https:\/\/jatman.ee\/test\/wp-json\/wp\/v2\/product\/869","targetHints":{"allow":["GET"]}}],"collection":[{"href":"https:\/\/jatman.ee\/test\/wp-json\/wp\/v2\/product"}],"about":[{"href":"https:\/\/jatman.ee\/test\/wp-json\/wp\/v2\/types\/product"}],"wp:featuredmedia":[{"embeddable":true,"href":"https:\/\/jatman.ee\/test\/wp-json\/wp\/v2\/media\/908"}],"wp:attachment":[{"href":"https:\/\/jatman.ee\/test\/wp-json\/wp\/v2\/media?parent=869"}],"wp:term":[{"taxonomy":"product_brand","embeddable":true,"href":"https:\/\/jatman.ee\/test\/wp-json\/wp\/v2\/product_brand?post=869"},{"taxonomy":"product_cat","embeddable":true,"href":"https:\/\/jatman.ee\/test\/wp-json\/wp\/v2\/product_cat?post=869"},{"taxonomy":"product_tag","embeddable":true,"href":"https:\/\/jatman.ee\/test\/wp-json\/wp\/v2\/product_tag?post=869"}],"curies":[{"name":"wp","href":"https:\/\/api.w.org\/{rel}","templated":true}]}}